{"id":188,"date":"2020-12-14T18:17:20","date_gmt":"2020-12-14T18:17:20","guid":{"rendered":"http:\/\/www.udpcuenca.com\/?page_id=188"},"modified":"2025-12-02T08:00:36","modified_gmt":"2025-12-02T08:00:36","slug":"oftalmologia","status":"publish","type":"page","link":"https:\/\/www.udpcuenca.com\/index.php\/oftalmologia\/","title":{"rendered":"Oftalmolog\u00eda"},"content":{"rendered":"\n<figure class=\"wp-block-image size-large\"><img loading=\"lazy\" decoding=\"async\" width=\"1024\" height=\"896\" src=\"https:\/\/www.udpcuenca.com\/wp-content\/uploads\/2020\/12\/Oftalmologogia-UDP-Cuenca-1024x896.jpg\" alt=\"\" class=\"wp-image-150\" srcset=\"https:\/\/www.udpcuenca.com\/wp-content\/uploads\/2020\/12\/Oftalmologogia-UDP-Cuenca-1024x896.jpg 1024w, https:\/\/www.udpcuenca.com\/wp-content\/uploads\/2020\/12\/Oftalmologogia-UDP-Cuenca-450x394.jpg 450w, https:\/\/www.udpcuenca.com\/wp-content\/uploads\/2020\/12\/Oftalmologogia-UDP-Cuenca-600x525.jpg 600w, https:\/\/www.udpcuenca.com\/wp-content\/uploads\/2020\/12\/Oftalmologogia-UDP-Cuenca-300x262.jpg 300w, https:\/\/www.udpcuenca.com\/wp-content\/uploads\/2020\/12\/Oftalmologogia-UDP-Cuenca-768x672.jpg 768w, https:\/\/www.udpcuenca.com\/wp-content\/uploads\/2020\/12\/Oftalmologogia-UDP-Cuenca-1536x1344.jpg 1536w, https:\/\/www.udpcuenca.com\/wp-content\/uploads\/2020\/12\/Oftalmologogia-UDP-Cuenca-1200x1050.jpg 1200w, https:\/\/www.udpcuenca.com\/wp-content\/uploads\/2020\/12\/Oftalmologogia-UDP-Cuenca.jpg 1911w\" sizes=\"auto, (max-width: 1024px) 100vw, 1024px\" \/><\/figure>\n\n\n\n<h2 class=\"wp-block-heading\">Firma de Convenio de Colaboraci\u00f3n con Feder\u00f3pticos Yolanda<\/h2>\n\n\n\n<figure class=\"wp-block-image alignwide size-large\"><a href=\"https:\/\/photos.app.goo.gl\/NLMk1sapBMSnkogb7\"><img loading=\"lazy\" decoding=\"async\" width=\"1024\" height=\"683\" src=\"https:\/\/www.udpcuenca.com\/wp-content\/uploads\/2025\/10\/IMG_3081-1024x683.jpg\" alt=\"\" class=\"wp-image-22405\" srcset=\"https:\/\/www.udpcuenca.com\/wp-content\/uploads\/2025\/10\/IMG_3081-1024x683.jpg 1024w, https:\/\/www.udpcuenca.com\/wp-content\/uploads\/2025\/10\/IMG_3081-300x200.jpg 300w, https:\/\/www.udpcuenca.com\/wp-content\/uploads\/2025\/10\/IMG_3081-768x512.jpg 768w, https:\/\/www.udpcuenca.com\/wp-content\/uploads\/2025\/10\/IMG_3081-1536x1024.jpg 1536w, https:\/\/www.udpcuenca.com\/wp-content\/uploads\/2025\/10\/IMG_3081-2048x1365.jpg 2048w, https:\/\/www.udpcuenca.com\/wp-content\/uploads\/2025\/10\/IMG_3081-1200x800.jpg 1200w, https:\/\/www.udpcuenca.com\/wp-content\/uploads\/2025\/10\/IMG_3081-1980x1320.jpg 1980w, https:\/\/www.udpcuenca.com\/wp-content\/uploads\/2025\/10\/IMG_3081-450x300.jpg 450w, https:\/\/www.udpcuenca.com\/wp-content\/uploads\/2025\/10\/IMG_3081-600x400.jpg 600w\" sizes=\"auto, (max-width: 1024px) 100vw, 1024px\" \/><\/a><\/figure>\n","protected":false},"excerpt":{"rendered":"<p>Firma de Convenio de Colaboraci\u00f3n con Feder\u00f3pticos Yolanda<\/p>\n","protected":false},"author":1,"featured_media":0,"parent":0,"menu_order":0,"comment_status":"closed","ping_status":"closed","template":"","meta":{"_monsterinsights_skip_tracking":false,"_monsterinsights_sitenote_active":false,"_monsterinsights_sitenote_note":"","_monsterinsights_sitenote_category":0,"footnotes":""},"class_list":["post-188","page","type-page","status-publish","hentry"],"yoast_head":"<!-- This site is optimized with the Yoast SEO plugin v27.4 - https:\/\/yoast.com\/product\/yoast-seo-wordpress\/ -->\n<title>Oftalmolog\u00eda - UDP Cuenca<\/title>\n<meta name=\"robots\" content=\"index, follow, max-snippet:-1, max-image-preview:large, max-video-preview:-1\" \/>\n<link rel=\"canonical\" href=\"https:\/\/www.udpcuenca.com\/index.php\/oftalmologia\/\" \/>\n<meta property=\"og:locale\" content=\"es_ES\" \/>\n<meta property=\"og:type\" content=\"article\" \/>\n<meta property=\"og:title\" content=\"Oftalmolog\u00eda - UDP Cuenca\" \/>\n<meta property=\"og:description\" content=\"Firma de Convenio de Colaboraci\u00f3n con Feder\u00f3pticos Yolanda\" \/>\n<meta property=\"og:url\" content=\"https:\/\/www.udpcuenca.com\/index.php\/oftalmologia\/\" \/>\n<meta property=\"og:site_name\" content=\"UDP Cuenca\" \/>\n<meta property=\"article:modified_time\" content=\"2025-12-02T08:00:36+00:00\" \/>\n<meta property=\"og:image\" content=\"http:\/\/www.udpcuenca.com\/wp-content\/uploads\/2020\/12\/Oftalmologogia-UDP-Cuenca-1024x896.jpg\" \/>\n<meta name=\"twitter:card\" content=\"summary_large_image\" \/>\n<meta name=\"twitter:label1\" content=\"Tiempo de lectura\" \/>\n\t<meta name=\"twitter:data1\" content=\"1 minuto\" \/>\n<script type=\"application\/ld+json\" class=\"yoast-schema-graph\">{\"@context\":\"https:\\\/\\\/schema.org\",\"@graph\":[{\"@type\":\"WebPage\",\"@id\":\"https:\\\/\\\/www.udpcuenca.com\\\/index.php\\\/oftalmologia\\\/\",\"url\":\"https:\\\/\\\/www.udpcuenca.com\\\/index.php\\\/oftalmologia\\\/\",\"name\":\"Oftalmolog\u00eda - UDP Cuenca\",\"isPartOf\":{\"@id\":\"https:\\\/\\\/www.udpcuenca.com\\\/#website\"},\"primaryImageOfPage\":{\"@id\":\"https:\\\/\\\/www.udpcuenca.com\\\/index.php\\\/oftalmologia\\\/#primaryimage\"},\"image\":{\"@id\":\"https:\\\/\\\/www.udpcuenca.com\\\/index.php\\\/oftalmologia\\\/#primaryimage\"},\"thumbnailUrl\":\"http:\\\/\\\/www.udpcuenca.com\\\/wp-content\\\/uploads\\\/2020\\\/12\\\/Oftalmologogia-UDP-Cuenca-1024x896.jpg\",\"datePublished\":\"2020-12-14T18:17:20+00:00\",\"dateModified\":\"2025-12-02T08:00:36+00:00\",\"breadcrumb\":{\"@id\":\"https:\\\/\\\/www.udpcuenca.com\\\/index.php\\\/oftalmologia\\\/#breadcrumb\"},\"inLanguage\":\"es\",\"potentialAction\":[{\"@type\":\"ReadAction\",\"target\":[\"https:\\\/\\\/www.udpcuenca.com\\\/index.php\\\/oftalmologia\\\/\"]}]},{\"@type\":\"ImageObject\",\"inLanguage\":\"es\",\"@id\":\"https:\\\/\\\/www.udpcuenca.com\\\/index.php\\\/oftalmologia\\\/#primaryimage\",\"url\":\"http:\\\/\\\/www.udpcuenca.com\\\/wp-content\\\/uploads\\\/2020\\\/12\\\/Oftalmologogia-UDP-Cuenca-1024x896.jpg\",\"contentUrl\":\"http:\\\/\\\/www.udpcuenca.com\\\/wp-content\\\/uploads\\\/2020\\\/12\\\/Oftalmologogia-UDP-Cuenca-1024x896.jpg\"},{\"@type\":\"BreadcrumbList\",\"@id\":\"https:\\\/\\\/www.udpcuenca.com\\\/index.php\\\/oftalmologia\\\/#breadcrumb\",\"itemListElement\":[{\"@type\":\"ListItem\",\"position\":1,\"name\":\"Portada\",\"item\":\"https:\\\/\\\/www.udpcuenca.com\\\/\"},{\"@type\":\"ListItem\",\"position\":2,\"name\":\"Oftalmolog\u00eda\"}]},{\"@type\":\"WebSite\",\"@id\":\"https:\\\/\\\/www.udpcuenca.com\\\/#website\",\"url\":\"https:\\\/\\\/www.udpcuenca.com\\\/\",\"name\":\"UDP Cuenca\",\"description\":\"Asociaci\u00f3n Democr\u00e1tica de Jubilados y Pensionistas &quot;San Julian&quot; UDP Cuenca\",\"publisher\":{\"@id\":\"https:\\\/\\\/www.udpcuenca.com\\\/#organization\"},\"potentialAction\":[{\"@type\":\"SearchAction\",\"target\":{\"@type\":\"EntryPoint\",\"urlTemplate\":\"https:\\\/\\\/www.udpcuenca.com\\\/?s={search_term_string}\"},\"query-input\":{\"@type\":\"PropertyValueSpecification\",\"valueRequired\":true,\"valueName\":\"search_term_string\"}}],\"inLanguage\":\"es\"},{\"@type\":\"Organization\",\"@id\":\"https:\\\/\\\/www.udpcuenca.com\\\/#organization\",\"name\":\"UDP Cuenca\",\"url\":\"https:\\\/\\\/www.udpcuenca.com\\\/\",\"logo\":{\"@type\":\"ImageObject\",\"inLanguage\":\"es\",\"@id\":\"https:\\\/\\\/www.udpcuenca.com\\\/#\\\/schema\\\/logo\\\/image\\\/\",\"url\":\"https:\\\/\\\/www.udpcuenca.com\\\/wp-content\\\/uploads\\\/2024\\\/11\\\/cropped-Imagen781.png\",\"contentUrl\":\"https:\\\/\\\/www.udpcuenca.com\\\/wp-content\\\/uploads\\\/2024\\\/11\\\/cropped-Imagen781.png\",\"width\":583,\"height\":158,\"caption\":\"UDP Cuenca\"},\"image\":{\"@id\":\"https:\\\/\\\/www.udpcuenca.com\\\/#\\\/schema\\\/logo\\\/image\\\/\"}}]}<\/script>\n<!-- \/ Yoast SEO plugin. -->","yoast_head_json":{"title":"Oftalmolog\u00eda - UDP Cuenca","robots":{"index":"index","follow":"follow","max-snippet":"max-snippet:-1","max-image-preview":"max-image-preview:large","max-video-preview":"max-video-preview:-1"},"canonical":"https:\/\/www.udpcuenca.com\/index.php\/oftalmologia\/","og_locale":"es_ES","og_type":"article","og_title":"Oftalmolog\u00eda - UDP Cuenca","og_description":"Firma de Convenio de Colaboraci\u00f3n con Feder\u00f3pticos Yolanda","og_url":"https:\/\/www.udpcuenca.com\/index.php\/oftalmologia\/","og_site_name":"UDP Cuenca","article_modified_time":"2025-12-02T08:00:36+00:00","og_image":[{"url":"http:\/\/www.udpcuenca.com\/wp-content\/uploads\/2020\/12\/Oftalmologogia-UDP-Cuenca-1024x896.jpg","type":"","width":"","height":""}],"twitter_card":"summary_large_image","twitter_misc":{"Tiempo de lectura":"1 minuto"},"schema":{"@context":"https:\/\/schema.org","@graph":[{"@type":"WebPage","@id":"https:\/\/www.udpcuenca.com\/index.php\/oftalmologia\/","url":"https:\/\/www.udpcuenca.com\/index.php\/oftalmologia\/","name":"Oftalmolog\u00eda - UDP Cuenca","isPartOf":{"@id":"https:\/\/www.udpcuenca.com\/#website"},"primaryImageOfPage":{"@id":"https:\/\/www.udpcuenca.com\/index.php\/oftalmologia\/#primaryimage"},"image":{"@id":"https:\/\/www.udpcuenca.com\/index.php\/oftalmologia\/#primaryimage"},"thumbnailUrl":"http:\/\/www.udpcuenca.com\/wp-content\/uploads\/2020\/12\/Oftalmologogia-UDP-Cuenca-1024x896.jpg","datePublished":"2020-12-14T18:17:20+00:00","dateModified":"2025-12-02T08:00:36+00:00","breadcrumb":{"@id":"https:\/\/www.udpcuenca.com\/index.php\/oftalmologia\/#breadcrumb"},"inLanguage":"es","potentialAction":[{"@type":"ReadAction","target":["https:\/\/www.udpcuenca.com\/index.php\/oftalmologia\/"]}]},{"@type":"ImageObject","inLanguage":"es","@id":"https:\/\/www.udpcuenca.com\/index.php\/oftalmologia\/#primaryimage","url":"http:\/\/www.udpcuenca.com\/wp-content\/uploads\/2020\/12\/Oftalmologogia-UDP-Cuenca-1024x896.jpg","contentUrl":"http:\/\/www.udpcuenca.com\/wp-content\/uploads\/2020\/12\/Oftalmologogia-UDP-Cuenca-1024x896.jpg"},{"@type":"BreadcrumbList","@id":"https:\/\/www.udpcuenca.com\/index.php\/oftalmologia\/#breadcrumb","itemListElement":[{"@type":"ListItem","position":1,"name":"Portada","item":"https:\/\/www.udpcuenca.com\/"},{"@type":"ListItem","position":2,"name":"Oftalmolog\u00eda"}]},{"@type":"WebSite","@id":"https:\/\/www.udpcuenca.com\/#website","url":"https:\/\/www.udpcuenca.com\/","name":"UDP Cuenca","description":"Asociaci\u00f3n Democr\u00e1tica de Jubilados y Pensionistas &quot;San Julian&quot; UDP Cuenca","publisher":{"@id":"https:\/\/www.udpcuenca.com\/#organization"},"potentialAction":[{"@type":"SearchAction","target":{"@type":"EntryPoint","urlTemplate":"https:\/\/www.udpcuenca.com\/?s={search_term_string}"},"query-input":{"@type":"PropertyValueSpecification","valueRequired":true,"valueName":"search_term_string"}}],"inLanguage":"es"},{"@type":"Organization","@id":"https:\/\/www.udpcuenca.com\/#organization","name":"UDP Cuenca","url":"https:\/\/www.udpcuenca.com\/","logo":{"@type":"ImageObject","inLanguage":"es","@id":"https:\/\/www.udpcuenca.com\/#\/schema\/logo\/image\/","url":"https:\/\/www.udpcuenca.com\/wp-content\/uploads\/2024\/11\/cropped-Imagen781.png","contentUrl":"https:\/\/www.udpcuenca.com\/wp-content\/uploads\/2024\/11\/cropped-Imagen781.png","width":583,"height":158,"caption":"UDP Cuenca"},"image":{"@id":"https:\/\/www.udpcuenca.com\/#\/schema\/logo\/image\/"}}]}},"_links":{"self":[{"href":"https:\/\/www.udpcuenca.com\/index.php\/wp-json\/wp\/v2\/pages\/188","targetHints":{"allow":["GET"]}}],"collection":[{"href":"https:\/\/www.udpcuenca.com\/index.php\/wp-json\/wp\/v2\/pages"}],"about":[{"href":"https:\/\/www.udpcuenca.com\/index.php\/wp-json\/wp\/v2\/types\/page"}],"author":[{"embeddable":true,"href":"https:\/\/www.udpcuenca.com\/index.php\/wp-json\/wp\/v2\/users\/1"}],"replies":[{"embeddable":true,"href":"https:\/\/www.udpcuenca.com\/index.php\/wp-json\/wp\/v2\/comments?post=188"}],"version-history":[{"count":4,"href":"https:\/\/www.udpcuenca.com\/index.php\/wp-json\/wp\/v2\/pages\/188\/revisions"}],"predecessor-version":[{"id":22448,"href":"https:\/\/www.udpcuenca.com\/index.php\/wp-json\/wp\/v2\/pages\/188\/revisions\/22448"}],"wp:attachment":[{"href":"https:\/\/www.udpcuenca.com\/index.php\/wp-json\/wp\/v2\/media?parent=188"}],"curies":[{"name":"wp","href":"https:\/\/api.w.org\/{rel}","templated":true}]}}