{"id":233,"date":"2020-12-17T21:41:03","date_gmt":"2020-12-17T21:41:03","guid":{"rendered":"http:\/\/www.udpcuenca.com\/?page_id=233"},"modified":"2020-12-17T21:41:03","modified_gmt":"2020-12-17T21:41:03","slug":"mandar-archivos","status":"publish","type":"page","link":"https:\/\/www.udpcuenca.com\/index.php\/mandar-archivos\/","title":{"rendered":"Mandar archivos"},"content":{"rendered":"\n<p>Para Mandar archivos de cualquier tama\u00f1o de t\u00fa a t\u00fa sin pasar por Servidor alguno.<\/p>\n\n\n\n<div class=\"wp-block-image\"><figure class=\"aligncenter size-large\"><a href=\"https:\/\/send-anywhere.com\/\"><img loading=\"lazy\" decoding=\"async\" width=\"114\" height=\"114\" src=\"https:\/\/www.udpcuenca.com\/wp-content\/uploads\/2020\/12\/SendAnyWhereA.jpg\" alt=\"\" class=\"wp-image-234\" srcset=\"https:\/\/www.udpcuenca.com\/wp-content\/uploads\/2020\/12\/SendAnyWhereA.jpg 114w, https:\/\/www.udpcuenca.com\/wp-content\/uploads\/2020\/12\/SendAnyWhereA-100x100.jpg 100w\" sizes=\"auto, (max-width: 114px) 100vw, 114px\" \/><\/a><\/figure><\/div>\n","protected":false},"excerpt":{"rendered":"<p>Para Mandar archivos de cualquier tama\u00f1o de t\u00fa a t\u00fa sin pasar por Servidor alguno.<\/p>\n","protected":false},"author":1,"featured_media":0,"parent":0,"menu_order":0,"comment_status":"closed","ping_status":"closed","template":"","meta":{"_monsterinsights_skip_tracking":false,"_monsterinsights_sitenote_active":false,"_monsterinsights_sitenote_note":"","_monsterinsights_sitenote_category":0,"footnotes":""},"class_list":["post-233","page","type-page","status-publish","hentry"],"yoast_head":"<!-- This site is optimized with the Yoast SEO plugin v27.4 - https:\/\/yoast.com\/product\/yoast-seo-wordpress\/ -->\n<title>Mandar archivos - UDP Cuenca<\/title>\n<meta name=\"robots\" content=\"index, follow, max-snippet:-1, max-image-preview:large, max-video-preview:-1\" \/>\n<link rel=\"canonical\" href=\"https:\/\/www.udpcuenca.com\/index.php\/mandar-archivos\/\" \/>\n<meta property=\"og:locale\" content=\"es_ES\" \/>\n<meta property=\"og:type\" content=\"article\" \/>\n<meta property=\"og:title\" content=\"Mandar archivos - UDP Cuenca\" \/>\n<meta property=\"og:description\" content=\"Para Mandar archivos de cualquier tama\u00f1o de t\u00fa a t\u00fa sin pasar por Servidor alguno.\" \/>\n<meta property=\"og:url\" content=\"https:\/\/www.udpcuenca.com\/index.php\/mandar-archivos\/\" \/>\n<meta property=\"og:site_name\" content=\"UDP Cuenca\" \/>\n<meta property=\"og:image\" content=\"http:\/\/www.udpcuenca.com\/wp-content\/uploads\/2020\/12\/SendAnyWhereA.jpg\" \/>\n<meta name=\"twitter:card\" content=\"summary_large_image\" \/>\n<script type=\"application\/ld+json\" class=\"yoast-schema-graph\">{\"@context\":\"https:\\\/\\\/schema.org\",\"@graph\":[{\"@type\":\"WebPage\",\"@id\":\"https:\\\/\\\/www.udpcuenca.com\\\/index.php\\\/mandar-archivos\\\/\",\"url\":\"https:\\\/\\\/www.udpcuenca.com\\\/index.php\\\/mandar-archivos\\\/\",\"name\":\"Mandar archivos - UDP Cuenca\",\"isPartOf\":{\"@id\":\"https:\\\/\\\/www.udpcuenca.com\\\/#website\"},\"primaryImageOfPage\":{\"@id\":\"https:\\\/\\\/www.udpcuenca.com\\\/index.php\\\/mandar-archivos\\\/#primaryimage\"},\"image\":{\"@id\":\"https:\\\/\\\/www.udpcuenca.com\\\/index.php\\\/mandar-archivos\\\/#primaryimage\"},\"thumbnailUrl\":\"http:\\\/\\\/www.udpcuenca.com\\\/wp-content\\\/uploads\\\/2020\\\/12\\\/SendAnyWhereA.jpg\",\"datePublished\":\"2020-12-17T21:41:03+00:00\",\"breadcrumb\":{\"@id\":\"https:\\\/\\\/www.udpcuenca.com\\\/index.php\\\/mandar-archivos\\\/#breadcrumb\"},\"inLanguage\":\"es\",\"potentialAction\":[{\"@type\":\"ReadAction\",\"target\":[\"https:\\\/\\\/www.udpcuenca.com\\\/index.php\\\/mandar-archivos\\\/\"]}]},{\"@type\":\"ImageObject\",\"inLanguage\":\"es\",\"@id\":\"https:\\\/\\\/www.udpcuenca.com\\\/index.php\\\/mandar-archivos\\\/#primaryimage\",\"url\":\"https:\\\/\\\/www.udpcuenca.com\\\/wp-content\\\/uploads\\\/2020\\\/12\\\/SendAnyWhereA.jpg\",\"contentUrl\":\"https:\\\/\\\/www.udpcuenca.com\\\/wp-content\\\/uploads\\\/2020\\\/12\\\/SendAnyWhereA.jpg\",\"width\":114,\"height\":114},{\"@type\":\"BreadcrumbList\",\"@id\":\"https:\\\/\\\/www.udpcuenca.com\\\/index.php\\\/mandar-archivos\\\/#breadcrumb\",\"itemListElement\":[{\"@type\":\"ListItem\",\"position\":1,\"name\":\"Portada\",\"item\":\"https:\\\/\\\/www.udpcuenca.com\\\/\"},{\"@type\":\"ListItem\",\"position\":2,\"name\":\"Mandar archivos\"}]},{\"@type\":\"WebSite\",\"@id\":\"https:\\\/\\\/www.udpcuenca.com\\\/#website\",\"url\":\"https:\\\/\\\/www.udpcuenca.com\\\/\",\"name\":\"UDP Cuenca\",\"description\":\"Asociaci\u00f3n Democr\u00e1tica de Jubilados y Pensionistas &quot;San Julian&quot; UDP Cuenca\",\"publisher\":{\"@id\":\"https:\\\/\\\/www.udpcuenca.com\\\/#organization\"},\"potentialAction\":[{\"@type\":\"SearchAction\",\"target\":{\"@type\":\"EntryPoint\",\"urlTemplate\":\"https:\\\/\\\/www.udpcuenca.com\\\/?s={search_term_string}\"},\"query-input\":{\"@type\":\"PropertyValueSpecification\",\"valueRequired\":true,\"valueName\":\"search_term_string\"}}],\"inLanguage\":\"es\"},{\"@type\":\"Organization\",\"@id\":\"https:\\\/\\\/www.udpcuenca.com\\\/#organization\",\"name\":\"UDP Cuenca\",\"url\":\"https:\\\/\\\/www.udpcuenca.com\\\/\",\"logo\":{\"@type\":\"ImageObject\",\"inLanguage\":\"es\",\"@id\":\"https:\\\/\\\/www.udpcuenca.com\\\/#\\\/schema\\\/logo\\\/image\\\/\",\"url\":\"https:\\\/\\\/www.udpcuenca.com\\\/wp-content\\\/uploads\\\/2024\\\/11\\\/cropped-Imagen781.png\",\"contentUrl\":\"https:\\\/\\\/www.udpcuenca.com\\\/wp-content\\\/uploads\\\/2024\\\/11\\\/cropped-Imagen781.png\",\"width\":583,\"height\":158,\"caption\":\"UDP Cuenca\"},\"image\":{\"@id\":\"https:\\\/\\\/www.udpcuenca.com\\\/#\\\/schema\\\/logo\\\/image\\\/\"}}]}<\/script>\n<!-- \/ Yoast SEO plugin. -->","yoast_head_json":{"title":"Mandar archivos - UDP Cuenca","robots":{"index":"index","follow":"follow","max-snippet":"max-snippet:-1","max-image-preview":"max-image-preview:large","max-video-preview":"max-video-preview:-1"},"canonical":"https:\/\/www.udpcuenca.com\/index.php\/mandar-archivos\/","og_locale":"es_ES","og_type":"article","og_title":"Mandar archivos - UDP Cuenca","og_description":"Para Mandar archivos de cualquier tama\u00f1o de t\u00fa a t\u00fa sin pasar por Servidor alguno.","og_url":"https:\/\/www.udpcuenca.com\/index.php\/mandar-archivos\/","og_site_name":"UDP Cuenca","og_image":[{"url":"http:\/\/www.udpcuenca.com\/wp-content\/uploads\/2020\/12\/SendAnyWhereA.jpg","type":"","width":"","height":""}],"twitter_card":"summary_large_image","schema":{"@context":"https:\/\/schema.org","@graph":[{"@type":"WebPage","@id":"https:\/\/www.udpcuenca.com\/index.php\/mandar-archivos\/","url":"https:\/\/www.udpcuenca.com\/index.php\/mandar-archivos\/","name":"Mandar archivos - UDP Cuenca","isPartOf":{"@id":"https:\/\/www.udpcuenca.com\/#website"},"primaryImageOfPage":{"@id":"https:\/\/www.udpcuenca.com\/index.php\/mandar-archivos\/#primaryimage"},"image":{"@id":"https:\/\/www.udpcuenca.com\/index.php\/mandar-archivos\/#primaryimage"},"thumbnailUrl":"http:\/\/www.udpcuenca.com\/wp-content\/uploads\/2020\/12\/SendAnyWhereA.jpg","datePublished":"2020-12-17T21:41:03+00:00","breadcrumb":{"@id":"https:\/\/www.udpcuenca.com\/index.php\/mandar-archivos\/#breadcrumb"},"inLanguage":"es","potentialAction":[{"@type":"ReadAction","target":["https:\/\/www.udpcuenca.com\/index.php\/mandar-archivos\/"]}]},{"@type":"ImageObject","inLanguage":"es","@id":"https:\/\/www.udpcuenca.com\/index.php\/mandar-archivos\/#primaryimage","url":"https:\/\/www.udpcuenca.com\/wp-content\/uploads\/2020\/12\/SendAnyWhereA.jpg","contentUrl":"https:\/\/www.udpcuenca.com\/wp-content\/uploads\/2020\/12\/SendAnyWhereA.jpg","width":114,"height":114},{"@type":"BreadcrumbList","@id":"https:\/\/www.udpcuenca.com\/index.php\/mandar-archivos\/#breadcrumb","itemListElement":[{"@type":"ListItem","position":1,"name":"Portada","item":"https:\/\/www.udpcuenca.com\/"},{"@type":"ListItem","position":2,"name":"Mandar archivos"}]},{"@type":"WebSite","@id":"https:\/\/www.udpcuenca.com\/#website","url":"https:\/\/www.udpcuenca.com\/","name":"UDP Cuenca","description":"Asociaci\u00f3n Democr\u00e1tica de Jubilados y Pensionistas &quot;San Julian&quot; UDP Cuenca","publisher":{"@id":"https:\/\/www.udpcuenca.com\/#organization"},"potentialAction":[{"@type":"SearchAction","target":{"@type":"EntryPoint","urlTemplate":"https:\/\/www.udpcuenca.com\/?s={search_term_string}"},"query-input":{"@type":"PropertyValueSpecification","valueRequired":true,"valueName":"search_term_string"}}],"inLanguage":"es"},{"@type":"Organization","@id":"https:\/\/www.udpcuenca.com\/#organization","name":"UDP Cuenca","url":"https:\/\/www.udpcuenca.com\/","logo":{"@type":"ImageObject","inLanguage":"es","@id":"https:\/\/www.udpcuenca.com\/#\/schema\/logo\/image\/","url":"https:\/\/www.udpcuenca.com\/wp-content\/uploads\/2024\/11\/cropped-Imagen781.png","contentUrl":"https:\/\/www.udpcuenca.com\/wp-content\/uploads\/2024\/11\/cropped-Imagen781.png","width":583,"height":158,"caption":"UDP Cuenca"},"image":{"@id":"https:\/\/www.udpcuenca.com\/#\/schema\/logo\/image\/"}}]}},"_links":{"self":[{"href":"https:\/\/www.udpcuenca.com\/index.php\/wp-json\/wp\/v2\/pages\/233","targetHints":{"allow":["GET"]}}],"collection":[{"href":"https:\/\/www.udpcuenca.com\/index.php\/wp-json\/wp\/v2\/pages"}],"about":[{"href":"https:\/\/www.udpcuenca.com\/index.php\/wp-json\/wp\/v2\/types\/page"}],"author":[{"embeddable":true,"href":"https:\/\/www.udpcuenca.com\/index.php\/wp-json\/wp\/v2\/users\/1"}],"replies":[{"embeddable":true,"href":"https:\/\/www.udpcuenca.com\/index.php\/wp-json\/wp\/v2\/comments?post=233"}],"version-history":[{"count":1,"href":"https:\/\/www.udpcuenca.com\/index.php\/wp-json\/wp\/v2\/pages\/233\/revisions"}],"predecessor-version":[{"id":235,"href":"https:\/\/www.udpcuenca.com\/index.php\/wp-json\/wp\/v2\/pages\/233\/revisions\/235"}],"wp:attachment":[{"href":"https:\/\/www.udpcuenca.com\/index.php\/wp-json\/wp\/v2\/media?parent=233"}],"curies":[{"name":"wp","href":"https:\/\/api.w.org\/{rel}","templated":true}]}}