{"id":3,"date":"2020-11-06T11:31:23","date_gmt":"2020-11-06T11:31:23","guid":{"rendered":"http:\/\/www.udpcuenca.com\/?page_id=3"},"modified":"2024-03-22T10:28:36","modified_gmt":"2024-03-22T10:28:36","slug":"politica-privacidad","status":"publish","type":"page","link":"https:\/\/www.udpcuenca.com\/index.php\/politica-privacidad\/","title":{"rendered":"Pol\u00edtica de privacidad"},"content":{"rendered":"\n<h2 class=\"wp-block-heading\">Qui\u00e9nes somos<\/h2>\n\n\n\n<p>La direcci\u00f3n de nuestra web es: https:\/\/www.udpcuenca.com.<\/p>\n\n\n\n<h2 class=\"wp-block-heading\">Qu\u00e9 datos personales recogemos y por qu\u00e9 los recogemos<\/h2>\n\n\n\n<h3 class=\"wp-block-heading\">Comentarios<\/h3>\n\n\n\n<p>Cuando los visitantes dejan comentarios en la web, recopilamos los datos que se muestran en el formulario de comentarios, as\u00ed como la direcci\u00f3n IP del visitante y la cadena de agentes de usuario del navegador para ayudar a la detecci\u00f3n de spam.<\/p>\n\n\n\n<p>Una cadena an\u00f3nima creada a partir de tu direcci\u00f3n de correo electr\u00f3nico (tambi\u00e9n llamada hash) puede ser proporcionada al servicio de Gravatar para ver si la est\u00e1s usando. La pol\u00edtica de privacidad del servicio Gravatar est\u00e1 disponible aqu\u00ed: https:\/\/automattic.com\/privacy\/. Despu\u00e9s de la aprobaci\u00f3n de tu comentario, la imagen de tu perfil es visible para el p\u00fablico en el contexto de tu comentario.<\/p>\n\n\n\n<h3 class=\"wp-block-heading\">Medios<\/h3>\n\n\n\n<p>Si subes im\u00e1genes a la web, deber\u00edas evitar subir im\u00e1genes con datos de ubicaci\u00f3n (GPS EXIF) incluidos. Los visitantes de la web pueden descargar y extraer cualquier dato de ubicaci\u00f3n de las im\u00e1genes de la web.<\/p>\n\n\n\n<h3 class=\"wp-block-heading\">Formularios de contacto<\/h3>\n\n\n\n<h3 class=\"wp-block-heading\">Cookies<\/h3>\n\n\n\n<p>Si dejas un comentario en nuestro sitio puedes elegir guardar tu nombre, direcci\u00f3n de correo electr\u00f3nico y web en cookies. Esto es para tu comodidad, para que no tengas que volver a rellenar tus datos cuando dejes otro comentario. Estas cookies tendr\u00e1n una duraci\u00f3n de un a\u00f1o.<\/p>\n\n\n\n<p>Si tienes una cuenta y te conectas a este sitio, instalaremos una cookie temporal para determinar si tu navegador acepta cookies. Esta cookie no contiene datos personales y se elimina al cerrar el navegador.<\/p>\n\n\n\n<p>Cuando accedas, tambi\u00e9n instalaremos varias cookies para guardar tu informaci\u00f3n de acceso y tus opciones de visualizaci\u00f3n de pantalla. Las cookies de acceso duran dos d\u00edas, y las cookies de opciones de pantalla duran un a\u00f1o. Si seleccionas \u00abRecu\u00e9rdarme\u00bb, tu acceso perdurar\u00e1 durante dos semanas. Si sales de tu cuenta, las cookies de acceso se eliminar\u00e1n.<\/p>\n\n\n\n<p>Si editas o publicas un art\u00edculo se guardar\u00e1 una cookie adicional en tu navegador. Esta cookie no incluye datos personales y simplemente indica el ID del art\u00edculo que acabas de editar. Caduca despu\u00e9s de 1 d\u00eda.<\/p>\n\n\n\n<h3 class=\"wp-block-heading\">Contenido incrustado de otros sitios web<\/h3>\n\n\n\n<p>Los art\u00edculos de este sitio pueden incluir contenido incrustado (por ejemplo, v\u00eddeos, im\u00e1genes, art\u00edculos, etc.). El contenido incrustado de otras webs se comporta exactamente de la misma manera que si el visitante hubiera visitado la otra web.<\/p>\n\n\n\n<p>Estas web pueden recopilar datos sobre ti, utilizar cookies, incrustar un seguimiento adicional de terceros, y supervisar tu interacci\u00f3n con ese contenido incrustado, incluido el seguimiento de tu interacci\u00f3n con el contenido incrustado si tienes una cuenta y est\u00e1s conectado a esa web.<\/p>\n\n\n\n<h3 class=\"wp-block-heading\">Anal\u00edtica<\/h3>\n\n\n\n<h2 class=\"wp-block-heading\">Con qui\u00e9n compartimos tus datos<\/h2>\n\n\n\n<h2 class=\"wp-block-heading\">Cu\u00e1nto tiempo conservamos tus datos<\/h2>\n\n\n\n<p>Si dejas un comentario, el comentario y sus metadatos se conservan indefinidamente. Esto es para que podamos reconocer y aprobar comentarios sucesivos autom\u00e1ticamente, en lugar de mantenerlos en una cola de moderaci\u00f3n.<\/p>\n\n\n\n<p>De los usuarios que se registran en nuestra web (si los hay), tambi\u00e9n almacenamos la informaci\u00f3n personal que proporcionan en su perfil de usuario. Todos los usuarios pueden ver, editar o eliminar su informaci\u00f3n personal en cualquier momento (excepto que no pueden cambiar su nombre de usuario). Los administradores de la web tambi\u00e9n pueden ver y editar esa informaci\u00f3n.<\/p>\n\n\n\n<h2 class=\"wp-block-heading\">Qu\u00e9 derechos tienes sobre tus datos<\/h2>\n\n\n\n<p>Si tienes una cuenta o has dejado comentarios en esta web, puedes solicitar recibir un archivo de exportaci\u00f3n de los datos personales que tenemos sobre ti, incluyendo cualquier dato que nos hayas proporcionado. Tambi\u00e9n puedes solicitar que eliminemos cualquier dato personal que tengamos sobre ti. Esto no incluye ning\u00fan dato que estemos obligados a conservar con fines administrativos, legales o de seguridad.<\/p>\n\n\n\n<h2 class=\"wp-block-heading\">D\u00f3nde enviamos tus datos<\/h2>\n\n\n\n<p>Los comentarios de los visitantes puede que los revise un servicio de detecci\u00f3n autom\u00e1tica de spam.<\/p>\n\n\n\n<h2 class=\"wp-block-heading\">Tu informaci\u00f3n de contacto<\/h2>\n\n\n\n<h2 class=\"wp-block-heading\">Informaci\u00f3n adicional<\/h2>\n\n\n\n<h3 class=\"wp-block-heading\">C\u00f3mo protegemos tus datos<\/h3>\n\n\n\n<h3 class=\"wp-block-heading\">Qu\u00e9 procedimientos utilizamos contra las brechas de datos<\/h3>\n\n\n\n<h3 class=\"wp-block-heading\">De qu\u00e9 terceros recibimos datos<\/h3>\n\n\n\n<h3 class=\"wp-block-heading\">Qu\u00e9 tipo de toma de decisiones automatizada y\/o perfilado hacemos con los datos del usuario<\/h3>\n\n\n\n<h3 class=\"wp-block-heading\">Requerimientos regulatorios de revelaci\u00f3n de informaci\u00f3n del sector<\/h3>\n\n\n\n<p>LEY ORG\u00c1NICA 15\/1999, DE 13 DE DICIEMBRE, DE PROTECCI\u00d3N DE DATOS DE CAR\u00c1CTER PERSONAL<br>Conforme a lo establecido en el Art\u00edculo 13 del Reglamento (UE) 2016\/679 del Parlamento Europeo y del Consejo y la Ley Org\u00e1nica 3\/2018 de 5 de diciembre (LOPDGDD) de Protecci\u00f3n de Datos de Car\u00e1cter Personal, por el que se regula el derecho de informaci\u00f3n en la recogida de datos le informamos de lo siguiente:<br>Los datos de car\u00e1cter personal que nos ha suministrado en esta y otras comunicaciones mantenidas con usted ser\u00e1n objeto de tratamiento en los ficheros responsabilidad de Asociacion de Pensionistas y Jubilados San Julian UDP Cuenca<br>La finalidad del tratamiento es la de gestionar de forma adecuada la prestaci\u00f3n del servicio que se ha requerido. As\u00ed mismo estos datos no ser\u00e1n cedidos a terceros.<br>Su negativa a suministrar los datos solicitados implica la imposibilidad de prestarle el servicio.<br>Asimismo, le informamos de la posibilidad de ejercitar los correspondientes derechos de acceso, rectificaci\u00f3n, cancelaci\u00f3n y oposici\u00f3n de conformidad con lo establecido en la Ley Org\u00e1nica 3\/2018 de 5 de diciembre (LOPDGDD) de Protecci\u00f3n de Datos de Car\u00e1cter Personal ante Francisco Casas Rodr\u00edguez como responsable del fichero. Los derechos mencionados los puede ejercitar a trav\u00e9s de los siguientes medios: correo electr\u00f3nico central@udpcuenca.com tel\u00e9fono m\u00f3vil 641 244 148<br>CONFIDENCIALIDAD<br>La informaci\u00f3n que pueda contener la copia de seguridad de sus datos, as\u00ed como sus archivos adjuntos es totalmente confidencial y solo ser\u00e1 guardada o modificada bajo el expreso consentimiento de la empresa.<\/p>\n","protected":false},"excerpt":{"rendered":"<p>Qui\u00e9nes somos La direcci\u00f3n de nuestra web es: https:\/\/www.udpcuenca.com. Qu\u00e9 datos personales recogemos y por qu\u00e9 los recogemos Comentarios Cuando los visitantes dejan comentarios en la web, recopilamos los datos que se muestran en el formulario de comentarios, as\u00ed como la direcci\u00f3n IP del visitante y la cadena de agentes de usuario del navegador para [&hellip;]<\/p>\n","protected":false},"author":1,"featured_media":0,"parent":0,"menu_order":0,"comment_status":"closed","ping_status":"open","template":"","meta":{"_monsterinsights_skip_tracking":false,"_monsterinsights_sitenote_active":false,"_monsterinsights_sitenote_note":"","_monsterinsights_sitenote_category":0,"footnotes":""},"class_list":["post-3","page","type-page","status-publish","hentry"],"yoast_head":"<!-- This site is optimized with the Yoast SEO plugin v27.4 - https:\/\/yoast.com\/product\/yoast-seo-wordpress\/ -->\n<title>Pol\u00edtica de privacidad - UDP Cuenca<\/title>\n<meta name=\"robots\" content=\"index, follow, max-snippet:-1, max-image-preview:large, max-video-preview:-1\" \/>\n<link rel=\"canonical\" href=\"https:\/\/www.udpcuenca.com\/index.php\/politica-privacidad\/\" \/>\n<meta property=\"og:locale\" content=\"es_ES\" \/>\n<meta property=\"og:type\" content=\"article\" \/>\n<meta property=\"og:title\" content=\"Pol\u00edtica de privacidad - UDP Cuenca\" \/>\n<meta property=\"og:description\" content=\"Qui\u00e9nes somos La direcci\u00f3n de nuestra web es: https:\/\/www.udpcuenca.com. Qu\u00e9 datos personales recogemos y por qu\u00e9 los recogemos Comentarios Cuando los visitantes dejan comentarios en la web, recopilamos los datos que se muestran en el formulario de comentarios, as\u00ed como la direcci\u00f3n IP del visitante y la cadena de agentes de usuario del navegador para [&hellip;]\" \/>\n<meta property=\"og:url\" content=\"https:\/\/www.udpcuenca.com\/index.php\/politica-privacidad\/\" \/>\n<meta property=\"og:site_name\" content=\"UDP Cuenca\" \/>\n<meta property=\"article:modified_time\" content=\"2024-03-22T10:28:36+00:00\" \/>\n<meta name=\"twitter:card\" content=\"summary_large_image\" \/>\n<meta name=\"twitter:label1\" content=\"Tiempo de lectura\" \/>\n\t<meta name=\"twitter:data1\" content=\"5 minutos\" \/>\n<script type=\"application\/ld+json\" class=\"yoast-schema-graph\">{\"@context\":\"https:\\\/\\\/schema.org\",\"@graph\":[{\"@type\":\"WebPage\",\"@id\":\"https:\\\/\\\/www.udpcuenca.com\\\/index.php\\\/politica-privacidad\\\/\",\"url\":\"https:\\\/\\\/www.udpcuenca.com\\\/index.php\\\/politica-privacidad\\\/\",\"name\":\"Pol\u00edtica de privacidad - UDP Cuenca\",\"isPartOf\":{\"@id\":\"https:\\\/\\\/www.udpcuenca.com\\\/#website\"},\"datePublished\":\"2020-11-06T11:31:23+00:00\",\"dateModified\":\"2024-03-22T10:28:36+00:00\",\"breadcrumb\":{\"@id\":\"https:\\\/\\\/www.udpcuenca.com\\\/index.php\\\/politica-privacidad\\\/#breadcrumb\"},\"inLanguage\":\"es\",\"potentialAction\":[{\"@type\":\"ReadAction\",\"target\":[\"https:\\\/\\\/www.udpcuenca.com\\\/index.php\\\/politica-privacidad\\\/\"]}]},{\"@type\":\"BreadcrumbList\",\"@id\":\"https:\\\/\\\/www.udpcuenca.com\\\/index.php\\\/politica-privacidad\\\/#breadcrumb\",\"itemListElement\":[{\"@type\":\"ListItem\",\"position\":1,\"name\":\"Portada\",\"item\":\"https:\\\/\\\/www.udpcuenca.com\\\/\"},{\"@type\":\"ListItem\",\"position\":2,\"name\":\"Pol\u00edtica de privacidad\"}]},{\"@type\":\"WebSite\",\"@id\":\"https:\\\/\\\/www.udpcuenca.com\\\/#website\",\"url\":\"https:\\\/\\\/www.udpcuenca.com\\\/\",\"name\":\"UDP Cuenca\",\"description\":\"Asociaci\u00f3n Democr\u00e1tica de Jubilados y Pensionistas &quot;San Julian&quot; UDP Cuenca\",\"publisher\":{\"@id\":\"https:\\\/\\\/www.udpcuenca.com\\\/#organization\"},\"potentialAction\":[{\"@type\":\"SearchAction\",\"target\":{\"@type\":\"EntryPoint\",\"urlTemplate\":\"https:\\\/\\\/www.udpcuenca.com\\\/?s={search_term_string}\"},\"query-input\":{\"@type\":\"PropertyValueSpecification\",\"valueRequired\":true,\"valueName\":\"search_term_string\"}}],\"inLanguage\":\"es\"},{\"@type\":\"Organization\",\"@id\":\"https:\\\/\\\/www.udpcuenca.com\\\/#organization\",\"name\":\"UDP Cuenca\",\"url\":\"https:\\\/\\\/www.udpcuenca.com\\\/\",\"logo\":{\"@type\":\"ImageObject\",\"inLanguage\":\"es\",\"@id\":\"https:\\\/\\\/www.udpcuenca.com\\\/#\\\/schema\\\/logo\\\/image\\\/\",\"url\":\"https:\\\/\\\/www.udpcuenca.com\\\/wp-content\\\/uploads\\\/2024\\\/11\\\/cropped-Imagen781.png\",\"contentUrl\":\"https:\\\/\\\/www.udpcuenca.com\\\/wp-content\\\/uploads\\\/2024\\\/11\\\/cropped-Imagen781.png\",\"width\":583,\"height\":158,\"caption\":\"UDP Cuenca\"},\"image\":{\"@id\":\"https:\\\/\\\/www.udpcuenca.com\\\/#\\\/schema\\\/logo\\\/image\\\/\"}}]}<\/script>\n<!-- \/ Yoast SEO plugin. -->","yoast_head_json":{"title":"Pol\u00edtica de privacidad - UDP Cuenca","robots":{"index":"index","follow":"follow","max-snippet":"max-snippet:-1","max-image-preview":"max-image-preview:large","max-video-preview":"max-video-preview:-1"},"canonical":"https:\/\/www.udpcuenca.com\/index.php\/politica-privacidad\/","og_locale":"es_ES","og_type":"article","og_title":"Pol\u00edtica de privacidad - UDP Cuenca","og_description":"Qui\u00e9nes somos La direcci\u00f3n de nuestra web es: https:\/\/www.udpcuenca.com. Qu\u00e9 datos personales recogemos y por qu\u00e9 los recogemos Comentarios Cuando los visitantes dejan comentarios en la web, recopilamos los datos que se muestran en el formulario de comentarios, as\u00ed como la direcci\u00f3n IP del visitante y la cadena de agentes de usuario del navegador para [&hellip;]","og_url":"https:\/\/www.udpcuenca.com\/index.php\/politica-privacidad\/","og_site_name":"UDP Cuenca","article_modified_time":"2024-03-22T10:28:36+00:00","twitter_card":"summary_large_image","twitter_misc":{"Tiempo de lectura":"5 minutos"},"schema":{"@context":"https:\/\/schema.org","@graph":[{"@type":"WebPage","@id":"https:\/\/www.udpcuenca.com\/index.php\/politica-privacidad\/","url":"https:\/\/www.udpcuenca.com\/index.php\/politica-privacidad\/","name":"Pol\u00edtica de privacidad - UDP Cuenca","isPartOf":{"@id":"https:\/\/www.udpcuenca.com\/#website"},"datePublished":"2020-11-06T11:31:23+00:00","dateModified":"2024-03-22T10:28:36+00:00","breadcrumb":{"@id":"https:\/\/www.udpcuenca.com\/index.php\/politica-privacidad\/#breadcrumb"},"inLanguage":"es","potentialAction":[{"@type":"ReadAction","target":["https:\/\/www.udpcuenca.com\/index.php\/politica-privacidad\/"]}]},{"@type":"BreadcrumbList","@id":"https:\/\/www.udpcuenca.com\/index.php\/politica-privacidad\/#breadcrumb","itemListElement":[{"@type":"ListItem","position":1,"name":"Portada","item":"https:\/\/www.udpcuenca.com\/"},{"@type":"ListItem","position":2,"name":"Pol\u00edtica de privacidad"}]},{"@type":"WebSite","@id":"https:\/\/www.udpcuenca.com\/#website","url":"https:\/\/www.udpcuenca.com\/","name":"UDP Cuenca","description":"Asociaci\u00f3n Democr\u00e1tica de Jubilados y Pensionistas &quot;San Julian&quot; UDP Cuenca","publisher":{"@id":"https:\/\/www.udpcuenca.com\/#organization"},"potentialAction":[{"@type":"SearchAction","target":{"@type":"EntryPoint","urlTemplate":"https:\/\/www.udpcuenca.com\/?s={search_term_string}"},"query-input":{"@type":"PropertyValueSpecification","valueRequired":true,"valueName":"search_term_string"}}],"inLanguage":"es"},{"@type":"Organization","@id":"https:\/\/www.udpcuenca.com\/#organization","name":"UDP Cuenca","url":"https:\/\/www.udpcuenca.com\/","logo":{"@type":"ImageObject","inLanguage":"es","@id":"https:\/\/www.udpcuenca.com\/#\/schema\/logo\/image\/","url":"https:\/\/www.udpcuenca.com\/wp-content\/uploads\/2024\/11\/cropped-Imagen781.png","contentUrl":"https:\/\/www.udpcuenca.com\/wp-content\/uploads\/2024\/11\/cropped-Imagen781.png","width":583,"height":158,"caption":"UDP Cuenca"},"image":{"@id":"https:\/\/www.udpcuenca.com\/#\/schema\/logo\/image\/"}}]}},"_links":{"self":[{"href":"https:\/\/www.udpcuenca.com\/index.php\/wp-json\/wp\/v2\/pages\/3","targetHints":{"allow":["GET"]}}],"collection":[{"href":"https:\/\/www.udpcuenca.com\/index.php\/wp-json\/wp\/v2\/pages"}],"about":[{"href":"https:\/\/www.udpcuenca.com\/index.php\/wp-json\/wp\/v2\/types\/page"}],"author":[{"embeddable":true,"href":"https:\/\/www.udpcuenca.com\/index.php\/wp-json\/wp\/v2\/users\/1"}],"replies":[{"embeddable":true,"href":"https:\/\/www.udpcuenca.com\/index.php\/wp-json\/wp\/v2\/comments?post=3"}],"version-history":[{"count":2,"href":"https:\/\/www.udpcuenca.com\/index.php\/wp-json\/wp\/v2\/pages\/3\/revisions"}],"predecessor-version":[{"id":2347,"href":"https:\/\/www.udpcuenca.com\/index.php\/wp-json\/wp\/v2\/pages\/3\/revisions\/2347"}],"wp:attachment":[{"href":"https:\/\/www.udpcuenca.com\/index.php\/wp-json\/wp\/v2\/media?parent=3"}],"curies":[{"name":"wp","href":"https:\/\/api.w.org\/{rel}","templated":true}]}}