{"id":584,"date":"2021-01-28T10:24:53","date_gmt":"2021-01-28T10:24:53","guid":{"rendered":"http:\/\/www.udpcuenca.com\/?page_id=584"},"modified":"2024-09-25T09:27:04","modified_gmt":"2024-09-25T09:27:04","slug":"circulares","status":"publish","type":"page","link":"https:\/\/www.udpcuenca.com\/index.php\/circulares\/","title":{"rendered":"Circulares"},"content":{"rendered":"\n<p><\/p>\n\n\n\n<h2 class=\"wp-block-heading has-text-align-center\">Subvenci\u00f3n Diputaci\u00f3n 2024<\/h2>\n\n\n\n<figure class=\"wp-block-image size-full\"><a href=\"https:\/\/www.udpcuenca.com\/wp-content\/uploads\/2024\/04\/CONVOCATORIA-DE-SUBVENCIONES-PARA-ASOCIACIONES-DE-MAYORES.pdf\"><img loading=\"lazy\" decoding=\"async\" width=\"842\" height=\"402\" src=\"https:\/\/www.udpcuenca.com\/wp-content\/uploads\/2024\/04\/captura-convocatoria.png\" alt=\"\" class=\"wp-image-2393\" srcset=\"https:\/\/www.udpcuenca.com\/wp-content\/uploads\/2024\/04\/captura-convocatoria.png 842w, https:\/\/www.udpcuenca.com\/wp-content\/uploads\/2024\/04\/captura-convocatoria-300x143.png 300w, https:\/\/www.udpcuenca.com\/wp-content\/uploads\/2024\/04\/captura-convocatoria-768x367.png 768w, https:\/\/www.udpcuenca.com\/wp-content\/uploads\/2024\/04\/captura-convocatoria-450x215.png 450w, https:\/\/www.udpcuenca.com\/wp-content\/uploads\/2024\/04\/captura-convocatoria-600x286.png 600w\" sizes=\"auto, (max-width: 842px) 100vw, 842px\" \/><\/a><figcaption class=\"wp-element-caption\">Pulsa aqu\u00ed para ver el Bolet\u00edn de la Su<a href=\"https:\/\/www.udpcuenca.com\/wp-content\/uploads\/2024\/04\/CONVOCATORIA-DE-SUBVENCIONES-PARA-ASOCIACIONES-DE-MAYORES.pdf\">b<\/a>venci\u00f3n de la Diputaci\u00f3n 2024<\/figcaption><\/figure>\n\n\n\n<p><\/p>\n\n\n\n<h2 class=\"wp-block-heading has-text-align-center\">Renta 2023<\/h2>\n\n\n\n<figure class=\"wp-block-image size-full is-resized\"><a href=\"https:\/\/www.udpcuenca.com\/wp-content\/uploads\/2024\/04\/Folleto_mayores_65_Renta2023.pdf\"><img loading=\"lazy\" decoding=\"async\" width=\"846\" height=\"878\" src=\"https:\/\/www.udpcuenca.com\/wp-content\/uploads\/2024\/04\/Captura-de-pantalla-2024-04-04-135413.png\" alt=\"\" class=\"wp-image-2374\" style=\"width:610px;height:auto\" srcset=\"https:\/\/www.udpcuenca.com\/wp-content\/uploads\/2024\/04\/Captura-de-pantalla-2024-04-04-135413.png 846w, https:\/\/www.udpcuenca.com\/wp-content\/uploads\/2024\/04\/Captura-de-pantalla-2024-04-04-135413-289x300.png 289w, https:\/\/www.udpcuenca.com\/wp-content\/uploads\/2024\/04\/Captura-de-pantalla-2024-04-04-135413-768x797.png 768w, https:\/\/www.udpcuenca.com\/wp-content\/uploads\/2024\/04\/Captura-de-pantalla-2024-04-04-135413-450x467.png 450w, https:\/\/www.udpcuenca.com\/wp-content\/uploads\/2024\/04\/Captura-de-pantalla-2024-04-04-135413-600x623.png 600w\" sizes=\"auto, (max-width: 846px) 100vw, 846px\" \/><\/a><figcaption class=\"wp-element-caption\">Pulsa aqu\u00ed para ver el PDF del Folleto de Mayores de 65 a\u00f1os de Renta de 2023<\/figcaption><\/figure>\n\n\n\n<figure class=\"wp-block-image size-large is-resized\"><a href=\"https:\/\/www.udpcuenca.com\/wp-content\/uploads\/2023\/02\/SUBVENCION-DIPUTACION-2023-MAYORES.pdf\"><img loading=\"lazy\" decoding=\"async\" width=\"1024\" height=\"458\" src=\"https:\/\/www.udpcuenca.com\/wp-content\/uploads\/2023\/02\/SubvencionDiputacion-1024x458.png\" alt=\"\" class=\"wp-image-2055\" style=\"width:613px;height:auto\" srcset=\"https:\/\/www.udpcuenca.com\/wp-content\/uploads\/2023\/02\/SubvencionDiputacion-1024x458.png 1024w, https:\/\/www.udpcuenca.com\/wp-content\/uploads\/2023\/02\/SubvencionDiputacion-300x134.png 300w, https:\/\/www.udpcuenca.com\/wp-content\/uploads\/2023\/02\/SubvencionDiputacion-768x344.png 768w, https:\/\/www.udpcuenca.com\/wp-content\/uploads\/2023\/02\/SubvencionDiputacion-450x201.png 450w, https:\/\/www.udpcuenca.com\/wp-content\/uploads\/2023\/02\/SubvencionDiputacion-600x269.png 600w, https:\/\/www.udpcuenca.com\/wp-content\/uploads\/2023\/02\/SubvencionDiputacion.png 1050w\" sizes=\"auto, (max-width: 1024px) 100vw, 1024px\" \/><\/a><figcaption class=\"wp-element-caption\">Pulsa aqu\u00ed para ver el PDF del Boletin de la Subvenci\u00f3n de la Diputacion 2023<\/figcaption><\/figure>\n\n\n\n<h2 class=\"wp-block-heading has-text-align-center\">Beneficios Fiscales Renta 2021<\/h2>\n\n\n\n<figure class=\"wp-block-video\"><video height=\"464\" style=\"aspect-ratio: 848 \/ 464;\" width=\"848\" controls src=\"https:\/\/www.udpcuenca.com\/wp-content\/uploads\/2022\/04\/Beneficios-fiscales_ley-despoblacion_clm.mp4\"><\/video><\/figure>\n\n\n\n<figure class=\"wp-block-image size-large\"><a href=\"https:\/\/www.udpcuenca.com\/wp-content\/uploads\/2022\/04\/Beneficios-fiscales_ley-despoblacion_clm.pdf\"><img loading=\"lazy\" decoding=\"async\" width=\"1024\" height=\"576\" src=\"https:\/\/www.udpcuenca.com\/wp-content\/uploads\/2022\/04\/HaciendaBeneficiosFiscales-1024x576.png\" alt=\"\" class=\"wp-image-1682\" srcset=\"https:\/\/www.udpcuenca.com\/wp-content\/uploads\/2022\/04\/HaciendaBeneficiosFiscales-1024x576.png 1024w, https:\/\/www.udpcuenca.com\/wp-content\/uploads\/2022\/04\/HaciendaBeneficiosFiscales-300x169.png 300w, https:\/\/www.udpcuenca.com\/wp-content\/uploads\/2022\/04\/HaciendaBeneficiosFiscales-768x432.png 768w, https:\/\/www.udpcuenca.com\/wp-content\/uploads\/2022\/04\/HaciendaBeneficiosFiscales-1200x674.png 1200w, https:\/\/www.udpcuenca.com\/wp-content\/uploads\/2022\/04\/HaciendaBeneficiosFiscales-450x253.png 450w, https:\/\/www.udpcuenca.com\/wp-content\/uploads\/2022\/04\/HaciendaBeneficiosFiscales-600x337.png 600w, https:\/\/www.udpcuenca.com\/wp-content\/uploads\/2022\/04\/HaciendaBeneficiosFiscales.png 1466w\" sizes=\"auto, (max-width: 1024px) 100vw, 1024px\" \/><\/a><\/figure>\n\n\n\n<h2 class=\"wp-block-heading has-text-align-center\">Subvenci\u00f3n Servicios Sociales 2022<\/h2>\n\n\n\n<figure class=\"wp-block-image size-large\"><a href=\"https:\/\/www.udpcuenca.com\/wp-content\/uploads\/2022\/04\/Subvencion-Diputacion-2022.pdf\"><img loading=\"lazy\" decoding=\"async\" width=\"1024\" height=\"544\" src=\"https:\/\/www.udpcuenca.com\/wp-content\/uploads\/2022\/04\/Subvencion22-1024x544.png\" alt=\"\" class=\"wp-image-1671\" srcset=\"https:\/\/www.udpcuenca.com\/wp-content\/uploads\/2022\/04\/Subvencion22-1024x544.png 1024w, https:\/\/www.udpcuenca.com\/wp-content\/uploads\/2022\/04\/Subvencion22-300x160.png 300w, https:\/\/www.udpcuenca.com\/wp-content\/uploads\/2022\/04\/Subvencion22-768x408.png 768w, https:\/\/www.udpcuenca.com\/wp-content\/uploads\/2022\/04\/Subvencion22-1200x638.png 1200w, https:\/\/www.udpcuenca.com\/wp-content\/uploads\/2022\/04\/Subvencion22-450x239.png 450w, https:\/\/www.udpcuenca.com\/wp-content\/uploads\/2022\/04\/Subvencion22-600x319.png 600w, https:\/\/www.udpcuenca.com\/wp-content\/uploads\/2022\/04\/Subvencion22.png 1356w\" sizes=\"auto, (max-width: 1024px) 100vw, 1024px\" \/><\/a><\/figure>\n\n\n\n<h2 class=\"wp-block-heading has-text-align-center\">Subvenci\u00f3n 2022 de la Diputaci\u00f3n de Cuenca a las Asociaciones de Mayores Adjudicaciones<\/h2>\n\n\n\n<figure class=\"wp-block-image size-full\"><a href=\"https:\/\/www.udpcuenca.com\/wp-content\/uploads\/2022\/08\/subvencion-2022-1.pdf\"><img loading=\"lazy\" decoding=\"async\" width=\"894\" height=\"649\" src=\"https:\/\/www.udpcuenca.com\/wp-content\/uploads\/2022\/08\/Screenshot_1.png\" alt=\"\" class=\"wp-image-1819\" srcset=\"https:\/\/www.udpcuenca.com\/wp-content\/uploads\/2022\/08\/Screenshot_1.png 894w, https:\/\/www.udpcuenca.com\/wp-content\/uploads\/2022\/08\/Screenshot_1-300x218.png 300w, https:\/\/www.udpcuenca.com\/wp-content\/uploads\/2022\/08\/Screenshot_1-768x558.png 768w, https:\/\/www.udpcuenca.com\/wp-content\/uploads\/2022\/08\/Screenshot_1-450x327.png 450w, https:\/\/www.udpcuenca.com\/wp-content\/uploads\/2022\/08\/Screenshot_1-600x436.png 600w\" sizes=\"auto, (max-width: 894px) 100vw, 894px\" \/><\/a><\/figure>\n\n\n\n<hr class=\"wp-block-separator has-css-opacity\"\/>\n\n\n\n<h2 class=\"wp-block-heading has-text-align-center\">Adhesi\u00f3n a UDP Provincial Cuenca<\/h2>\n\n\n\n<figure class=\"wp-block-embed aligncenter is-type-video is-provider-youtube wp-block-embed-youtube wp-embed-aspect-16-9 wp-has-aspect-ratio\"><div class=\"wp-block-embed__wrapper\">\n<iframe loading=\"lazy\" title=\"Adhesi\u00f3n Ayuda UDP\" width=\"580\" height=\"326\" src=\"https:\/\/www.youtube.com\/embed\/O_AwXwf1nxc?feature=oembed\" frameborder=\"0\" allow=\"accelerometer; autoplay; clipboard-write; encrypted-media; gyroscope; picture-in-picture; web-share\" referrerpolicy=\"strict-origin-when-cross-origin\" allowfullscreen><\/iframe>\n<\/div><\/figure>\n\n\n\n<figure class=\"wp-block-image size-full\"><a href=\"https:\/\/www.udpcuenca.com\/wp-content\/uploads\/2022\/01\/Recibo-Nota-Formulario-Adhesion.pdf\"><img loading=\"lazy\" decoding=\"async\" width=\"675\" height=\"949\" src=\"https:\/\/www.udpcuenca.com\/wp-content\/uploads\/2022\/01\/Captura-de-pantalla-2022-01-17-210138.png\" alt=\"\" class=\"wp-image-1175\" srcset=\"https:\/\/www.udpcuenca.com\/wp-content\/uploads\/2022\/01\/Captura-de-pantalla-2022-01-17-210138.png 675w, https:\/\/www.udpcuenca.com\/wp-content\/uploads\/2022\/01\/Captura-de-pantalla-2022-01-17-210138-213x300.png 213w, https:\/\/www.udpcuenca.com\/wp-content\/uploads\/2022\/01\/Captura-de-pantalla-2022-01-17-210138-450x633.png 450w, https:\/\/www.udpcuenca.com\/wp-content\/uploads\/2022\/01\/Captura-de-pantalla-2022-01-17-210138-600x844.png 600w\" sizes=\"auto, (max-width: 675px) 100vw, 675px\" \/><\/a><\/figure>\n\n\n\n<div class=\"wp-block-columns is-layout-flex wp-container-core-columns-is-layout-9d6595d7 wp-block-columns-is-layout-flex\">\n<div class=\"wp-block-column is-layout-flow wp-block-column-is-layout-flow\">\n<figure class=\"wp-block-image size-large\"><a href=\"https:\/\/www.udpcuenca.com\/wp-content\/uploads\/2021\/03\/Febrero2021InformacionAdministracion.pdf\"><img loading=\"lazy\" decoding=\"async\" width=\"227\" height=\"322\" src=\"https:\/\/www.udpcuenca.com\/wp-content\/uploads\/2021\/03\/CircularFebrero.jpg\" alt=\"\" class=\"wp-image-752\" srcset=\"https:\/\/www.udpcuenca.com\/wp-content\/uploads\/2021\/03\/CircularFebrero.jpg 227w, https:\/\/www.udpcuenca.com\/wp-content\/uploads\/2021\/03\/CircularFebrero-211x300.jpg 211w\" sizes=\"auto, (max-width: 227px) 100vw, 227px\" \/><\/a><figcaption class=\"wp-element-caption\">Relaci\u00f3n con la Administraci\u00f3n<\/figcaption><\/figure>\n<\/div>\n\n\n\n<div class=\"wp-block-column is-layout-flow wp-block-column-is-layout-flow\"><\/div>\n<\/div>\n\n\n\n<div class=\"wp-block-columns is-layout-flex wp-container-core-columns-is-layout-9d6595d7 wp-block-columns-is-layout-flex\">\n<div class=\"wp-block-column is-layout-flow wp-block-column-is-layout-flow\">\n<figure class=\"wp-block-image size-large\"><a href=\"https:\/\/www.udpcuenca.com\/wp-content\/uploads\/2021\/06\/Carta-Diputada-Servicios-Sociales.pdf\"><img loading=\"lazy\" decoding=\"async\" width=\"703\" height=\"1024\" src=\"https:\/\/www.udpcuenca.com\/wp-content\/uploads\/2021\/06\/Carta-703x1024.jpg\" alt=\"\" class=\"wp-image-862\" srcset=\"https:\/\/www.udpcuenca.com\/wp-content\/uploads\/2021\/06\/Carta-703x1024.jpg 703w, https:\/\/www.udpcuenca.com\/wp-content\/uploads\/2021\/06\/Carta-450x656.jpg 450w, https:\/\/www.udpcuenca.com\/wp-content\/uploads\/2021\/06\/Carta-600x874.jpg 600w, https:\/\/www.udpcuenca.com\/wp-content\/uploads\/2021\/06\/Carta-206x300.jpg 206w, https:\/\/www.udpcuenca.com\/wp-content\/uploads\/2021\/06\/Carta-768x1119.jpg 768w, https:\/\/www.udpcuenca.com\/wp-content\/uploads\/2021\/06\/Carta.jpg 1047w\" sizes=\"auto, (max-width: 703px) 100vw, 703px\" \/><\/a><\/figure>\n<\/div>\n\n\n\n<div class=\"wp-block-column is-layout-flow wp-block-column-is-layout-flow\"><\/div>\n<\/div>\n\n\n\n<div class=\"wp-block-columns is-layout-flex wp-container-core-columns-is-layout-9d6595d7 wp-block-columns-is-layout-flex\">\n<div class=\"wp-block-column is-layout-flow wp-block-column-is-layout-flow\"><\/div>\n<\/div>\n","protected":false},"excerpt":{"rendered":"<p>Subvenci\u00f3n Diputaci\u00f3n 2024 Renta 2023 Beneficios Fiscales Renta 2021 Subvenci\u00f3n Servicios Sociales 2022 Subvenci\u00f3n 2022 de la Diputaci\u00f3n de Cuenca a las Asociaciones de Mayores Adjudicaciones Adhesi\u00f3n a UDP Provincial Cuenca<\/p>\n","protected":false},"author":1,"featured_media":755,"parent":0,"menu_order":0,"comment_status":"closed","ping_status":"closed","template":"","meta":{"_monsterinsights_skip_tracking":false,"_monsterinsights_sitenote_active":false,"_monsterinsights_sitenote_note":"","_monsterinsights_sitenote_category":0,"footnotes":""},"class_list":["post-584","page","type-page","status-publish","has-post-thumbnail","hentry"],"yoast_head":"<!-- This site is optimized with the Yoast SEO plugin v27.4 - https:\/\/yoast.com\/product\/yoast-seo-wordpress\/ -->\n<title>Circulares - UDP Cuenca<\/title>\n<meta name=\"robots\" content=\"index, follow, max-snippet:-1, max-image-preview:large, max-video-preview:-1\" \/>\n<link rel=\"canonical\" href=\"https:\/\/www.udpcuenca.com\/index.php\/circulares\/\" \/>\n<meta property=\"og:locale\" content=\"es_ES\" \/>\n<meta property=\"og:type\" content=\"article\" \/>\n<meta property=\"og:title\" content=\"Circulares - UDP Cuenca\" \/>\n<meta property=\"og:description\" content=\"Subvenci\u00f3n Diputaci\u00f3n 2024 Renta 2023 Beneficios Fiscales Renta 2021 Subvenci\u00f3n Servicios Sociales 2022 Subvenci\u00f3n 2022 de la Diputaci\u00f3n de Cuenca a las Asociaciones de Mayores Adjudicaciones Adhesi\u00f3n a UDP Provincial Cuenca\" \/>\n<meta property=\"og:url\" content=\"https:\/\/www.udpcuenca.com\/index.php\/circulares\/\" \/>\n<meta property=\"og:site_name\" content=\"UDP Cuenca\" \/>\n<meta property=\"article:modified_time\" content=\"2024-09-25T09:27:04+00:00\" \/>\n<meta property=\"og:image\" content=\"https:\/\/www.udpcuenca.com\/wp-content\/uploads\/2021\/03\/Circulares.jpg\" \/>\n\t<meta property=\"og:image:width\" content=\"448\" \/>\n\t<meta property=\"og:image:height\" content=\"300\" \/>\n\t<meta property=\"og:image:type\" content=\"image\/jpeg\" \/>\n<meta name=\"twitter:card\" content=\"summary_large_image\" \/>\n<meta name=\"twitter:label1\" content=\"Tiempo de lectura\" \/>\n\t<meta name=\"twitter:data1\" content=\"3 minutos\" \/>\n<script type=\"application\/ld+json\" class=\"yoast-schema-graph\">{\"@context\":\"https:\\\/\\\/schema.org\",\"@graph\":[{\"@type\":\"WebPage\",\"@id\":\"https:\\\/\\\/www.udpcuenca.com\\\/index.php\\\/circulares\\\/\",\"url\":\"https:\\\/\\\/www.udpcuenca.com\\\/index.php\\\/circulares\\\/\",\"name\":\"Circulares - UDP Cuenca\",\"isPartOf\":{\"@id\":\"https:\\\/\\\/www.udpcuenca.com\\\/#website\"},\"primaryImageOfPage\":{\"@id\":\"https:\\\/\\\/www.udpcuenca.com\\\/index.php\\\/circulares\\\/#primaryimage\"},\"image\":{\"@id\":\"https:\\\/\\\/www.udpcuenca.com\\\/index.php\\\/circulares\\\/#primaryimage\"},\"thumbnailUrl\":\"https:\\\/\\\/www.udpcuenca.com\\\/wp-content\\\/uploads\\\/2021\\\/03\\\/Circulares.jpg\",\"datePublished\":\"2021-01-28T10:24:53+00:00\",\"dateModified\":\"2024-09-25T09:27:04+00:00\",\"breadcrumb\":{\"@id\":\"https:\\\/\\\/www.udpcuenca.com\\\/index.php\\\/circulares\\\/#breadcrumb\"},\"inLanguage\":\"es\",\"potentialAction\":[{\"@type\":\"ReadAction\",\"target\":[\"https:\\\/\\\/www.udpcuenca.com\\\/index.php\\\/circulares\\\/\"]}]},{\"@type\":\"ImageObject\",\"inLanguage\":\"es\",\"@id\":\"https:\\\/\\\/www.udpcuenca.com\\\/index.php\\\/circulares\\\/#primaryimage\",\"url\":\"https:\\\/\\\/www.udpcuenca.com\\\/wp-content\\\/uploads\\\/2021\\\/03\\\/Circulares.jpg\",\"contentUrl\":\"https:\\\/\\\/www.udpcuenca.com\\\/wp-content\\\/uploads\\\/2021\\\/03\\\/Circulares.jpg\",\"width\":448,\"height\":300},{\"@type\":\"BreadcrumbList\",\"@id\":\"https:\\\/\\\/www.udpcuenca.com\\\/index.php\\\/circulares\\\/#breadcrumb\",\"itemListElement\":[{\"@type\":\"ListItem\",\"position\":1,\"name\":\"Portada\",\"item\":\"https:\\\/\\\/www.udpcuenca.com\\\/\"},{\"@type\":\"ListItem\",\"position\":2,\"name\":\"Circulares\"}]},{\"@type\":\"WebSite\",\"@id\":\"https:\\\/\\\/www.udpcuenca.com\\\/#website\",\"url\":\"https:\\\/\\\/www.udpcuenca.com\\\/\",\"name\":\"UDP Cuenca\",\"description\":\"Asociaci\u00f3n Democr\u00e1tica de Jubilados y Pensionistas &quot;San Julian&quot; UDP Cuenca\",\"publisher\":{\"@id\":\"https:\\\/\\\/www.udpcuenca.com\\\/#organization\"},\"potentialAction\":[{\"@type\":\"SearchAction\",\"target\":{\"@type\":\"EntryPoint\",\"urlTemplate\":\"https:\\\/\\\/www.udpcuenca.com\\\/?s={search_term_string}\"},\"query-input\":{\"@type\":\"PropertyValueSpecification\",\"valueRequired\":true,\"valueName\":\"search_term_string\"}}],\"inLanguage\":\"es\"},{\"@type\":\"Organization\",\"@id\":\"https:\\\/\\\/www.udpcuenca.com\\\/#organization\",\"name\":\"UDP Cuenca\",\"url\":\"https:\\\/\\\/www.udpcuenca.com\\\/\",\"logo\":{\"@type\":\"ImageObject\",\"inLanguage\":\"es\",\"@id\":\"https:\\\/\\\/www.udpcuenca.com\\\/#\\\/schema\\\/logo\\\/image\\\/\",\"url\":\"https:\\\/\\\/www.udpcuenca.com\\\/wp-content\\\/uploads\\\/2024\\\/11\\\/cropped-Imagen781.png\",\"contentUrl\":\"https:\\\/\\\/www.udpcuenca.com\\\/wp-content\\\/uploads\\\/2024\\\/11\\\/cropped-Imagen781.png\",\"width\":583,\"height\":158,\"caption\":\"UDP Cuenca\"},\"image\":{\"@id\":\"https:\\\/\\\/www.udpcuenca.com\\\/#\\\/schema\\\/logo\\\/image\\\/\"}}]}<\/script>\n<!-- \/ Yoast SEO plugin. -->","yoast_head_json":{"title":"Circulares - UDP Cuenca","robots":{"index":"index","follow":"follow","max-snippet":"max-snippet:-1","max-image-preview":"max-image-preview:large","max-video-preview":"max-video-preview:-1"},"canonical":"https:\/\/www.udpcuenca.com\/index.php\/circulares\/","og_locale":"es_ES","og_type":"article","og_title":"Circulares - UDP Cuenca","og_description":"Subvenci\u00f3n Diputaci\u00f3n 2024 Renta 2023 Beneficios Fiscales Renta 2021 Subvenci\u00f3n Servicios Sociales 2022 Subvenci\u00f3n 2022 de la Diputaci\u00f3n de Cuenca a las Asociaciones de Mayores Adjudicaciones Adhesi\u00f3n a UDP Provincial Cuenca","og_url":"https:\/\/www.udpcuenca.com\/index.php\/circulares\/","og_site_name":"UDP Cuenca","article_modified_time":"2024-09-25T09:27:04+00:00","og_image":[{"width":448,"height":300,"url":"https:\/\/www.udpcuenca.com\/wp-content\/uploads\/2021\/03\/Circulares.jpg","type":"image\/jpeg"}],"twitter_card":"summary_large_image","twitter_misc":{"Tiempo de lectura":"3 minutos"},"schema":{"@context":"https:\/\/schema.org","@graph":[{"@type":"WebPage","@id":"https:\/\/www.udpcuenca.com\/index.php\/circulares\/","url":"https:\/\/www.udpcuenca.com\/index.php\/circulares\/","name":"Circulares - UDP Cuenca","isPartOf":{"@id":"https:\/\/www.udpcuenca.com\/#website"},"primaryImageOfPage":{"@id":"https:\/\/www.udpcuenca.com\/index.php\/circulares\/#primaryimage"},"image":{"@id":"https:\/\/www.udpcuenca.com\/index.php\/circulares\/#primaryimage"},"thumbnailUrl":"https:\/\/www.udpcuenca.com\/wp-content\/uploads\/2021\/03\/Circulares.jpg","datePublished":"2021-01-28T10:24:53+00:00","dateModified":"2024-09-25T09:27:04+00:00","breadcrumb":{"@id":"https:\/\/www.udpcuenca.com\/index.php\/circulares\/#breadcrumb"},"inLanguage":"es","potentialAction":[{"@type":"ReadAction","target":["https:\/\/www.udpcuenca.com\/index.php\/circulares\/"]}]},{"@type":"ImageObject","inLanguage":"es","@id":"https:\/\/www.udpcuenca.com\/index.php\/circulares\/#primaryimage","url":"https:\/\/www.udpcuenca.com\/wp-content\/uploads\/2021\/03\/Circulares.jpg","contentUrl":"https:\/\/www.udpcuenca.com\/wp-content\/uploads\/2021\/03\/Circulares.jpg","width":448,"height":300},{"@type":"BreadcrumbList","@id":"https:\/\/www.udpcuenca.com\/index.php\/circulares\/#breadcrumb","itemListElement":[{"@type":"ListItem","position":1,"name":"Portada","item":"https:\/\/www.udpcuenca.com\/"},{"@type":"ListItem","position":2,"name":"Circulares"}]},{"@type":"WebSite","@id":"https:\/\/www.udpcuenca.com\/#website","url":"https:\/\/www.udpcuenca.com\/","name":"UDP Cuenca","description":"Asociaci\u00f3n Democr\u00e1tica de Jubilados y Pensionistas &quot;San Julian&quot; UDP Cuenca","publisher":{"@id":"https:\/\/www.udpcuenca.com\/#organization"},"potentialAction":[{"@type":"SearchAction","target":{"@type":"EntryPoint","urlTemplate":"https:\/\/www.udpcuenca.com\/?s={search_term_string}"},"query-input":{"@type":"PropertyValueSpecification","valueRequired":true,"valueName":"search_term_string"}}],"inLanguage":"es"},{"@type":"Organization","@id":"https:\/\/www.udpcuenca.com\/#organization","name":"UDP Cuenca","url":"https:\/\/www.udpcuenca.com\/","logo":{"@type":"ImageObject","inLanguage":"es","@id":"https:\/\/www.udpcuenca.com\/#\/schema\/logo\/image\/","url":"https:\/\/www.udpcuenca.com\/wp-content\/uploads\/2024\/11\/cropped-Imagen781.png","contentUrl":"https:\/\/www.udpcuenca.com\/wp-content\/uploads\/2024\/11\/cropped-Imagen781.png","width":583,"height":158,"caption":"UDP Cuenca"},"image":{"@id":"https:\/\/www.udpcuenca.com\/#\/schema\/logo\/image\/"}}]}},"_links":{"self":[{"href":"https:\/\/www.udpcuenca.com\/index.php\/wp-json\/wp\/v2\/pages\/584","targetHints":{"allow":["GET"]}}],"collection":[{"href":"https:\/\/www.udpcuenca.com\/index.php\/wp-json\/wp\/v2\/pages"}],"about":[{"href":"https:\/\/www.udpcuenca.com\/index.php\/wp-json\/wp\/v2\/types\/page"}],"author":[{"embeddable":true,"href":"https:\/\/www.udpcuenca.com\/index.php\/wp-json\/wp\/v2\/users\/1"}],"replies":[{"embeddable":true,"href":"https:\/\/www.udpcuenca.com\/index.php\/wp-json\/wp\/v2\/comments?post=584"}],"version-history":[{"count":40,"href":"https:\/\/www.udpcuenca.com\/index.php\/wp-json\/wp\/v2\/pages\/584\/revisions"}],"predecessor-version":[{"id":2501,"href":"https:\/\/www.udpcuenca.com\/index.php\/wp-json\/wp\/v2\/pages\/584\/revisions\/2501"}],"wp:featuredmedia":[{"embeddable":true,"href":"https:\/\/www.udpcuenca.com\/index.php\/wp-json\/wp\/v2\/media\/755"}],"wp:attachment":[{"href":"https:\/\/www.udpcuenca.com\/index.php\/wp-json\/wp\/v2\/media?parent=584"}],"curies":[{"name":"wp","href":"https:\/\/api.w.org\/{rel}","templated":true}]}}