{"id":72,"date":"2020-11-18T20:16:03","date_gmt":"2020-11-18T20:16:03","guid":{"rendered":"http:\/\/www.udpcuenca.com\/?page_id=72"},"modified":"2024-11-19T18:14:40","modified_gmt":"2024-11-19T18:14:40","slug":"diputacion_provincial_de_cuenca","status":"publish","type":"page","link":"https:\/\/www.udpcuenca.com\/index.php\/diputacion_provincial_de_cuenca\/","title":{"rendered":"Diputaci\u00f3n"},"content":{"rendered":"\n<figure class=\"wp-block-image size-large\"><a href=\"https:\/\/www.udpcuenca.com\/wp-content\/uploads\/2023\/02\/SUBVENCION-DIPUTACION-2023-MAYORES.pdf\"><img loading=\"lazy\" decoding=\"async\" width=\"1024\" height=\"458\" src=\"https:\/\/www.udpcuenca.com\/wp-content\/uploads\/2023\/02\/SubvencionDiputacion-1024x458.png\" alt=\"\" class=\"wp-image-2055\" srcset=\"https:\/\/www.udpcuenca.com\/wp-content\/uploads\/2023\/02\/SubvencionDiputacion-1024x458.png 1024w, https:\/\/www.udpcuenca.com\/wp-content\/uploads\/2023\/02\/SubvencionDiputacion-300x134.png 300w, https:\/\/www.udpcuenca.com\/wp-content\/uploads\/2023\/02\/SubvencionDiputacion-768x344.png 768w, https:\/\/www.udpcuenca.com\/wp-content\/uploads\/2023\/02\/SubvencionDiputacion-450x201.png 450w, https:\/\/www.udpcuenca.com\/wp-content\/uploads\/2023\/02\/SubvencionDiputacion-600x269.png 600w, https:\/\/www.udpcuenca.com\/wp-content\/uploads\/2023\/02\/SubvencionDiputacion.png 1050w\" sizes=\"auto, (max-width: 1024px) 100vw, 1024px\" \/><\/a><figcaption class=\"wp-element-caption\">Pulsa Aqu\u00ed para ver el Boletin de esta Subvenci\u00f3n<\/figcaption><\/figure>\n\n\n\n<h2 class=\"wp-block-heading has-text-align-center\">3\u00ba Campeonato y Final de Juegos Populares 2023 Villamayor de Santiago<\/h2>\n\n\n\n<figure class=\"wp-block-image size-large\"><a href=\"https:\/\/youtu.be\/VO1VqB94Ev8\"><img loading=\"lazy\" decoding=\"async\" width=\"1024\" height=\"575\" src=\"https:\/\/www.udpcuenca.com\/wp-content\/uploads\/2023\/09\/Captura-de-pantalla-2023-09-04-115659-1024x575.png\" alt=\"\" class=\"wp-image-2204\" srcset=\"https:\/\/www.udpcuenca.com\/wp-content\/uploads\/2023\/09\/Captura-de-pantalla-2023-09-04-115659-1024x575.png 1024w, https:\/\/www.udpcuenca.com\/wp-content\/uploads\/2023\/09\/Captura-de-pantalla-2023-09-04-115659-300x168.png 300w, https:\/\/www.udpcuenca.com\/wp-content\/uploads\/2023\/09\/Captura-de-pantalla-2023-09-04-115659-768x431.png 768w, https:\/\/www.udpcuenca.com\/wp-content\/uploads\/2023\/09\/Captura-de-pantalla-2023-09-04-115659-1536x862.png 1536w, https:\/\/www.udpcuenca.com\/wp-content\/uploads\/2023\/09\/Captura-de-pantalla-2023-09-04-115659-2048x1149.png 2048w, https:\/\/www.udpcuenca.com\/wp-content\/uploads\/2023\/09\/Captura-de-pantalla-2023-09-04-115659-1200x673.png 1200w, https:\/\/www.udpcuenca.com\/wp-content\/uploads\/2023\/09\/Captura-de-pantalla-2023-09-04-115659-1980x1111.png 1980w, https:\/\/www.udpcuenca.com\/wp-content\/uploads\/2023\/09\/Captura-de-pantalla-2023-09-04-115659-450x253.png 450w, https:\/\/www.udpcuenca.com\/wp-content\/uploads\/2023\/09\/Captura-de-pantalla-2023-09-04-115659-600x337.png 600w\" sizes=\"auto, (max-width: 1024px) 100vw, 1024px\" \/><\/a><\/figure>\n\n\n\n<figure class=\"wp-block-image size-large\"><a href=\"https:\/\/www.udpcuenca.com\/wp-content\/uploads\/2023\/01\/diptico-A5_Campana-NO-TIENE-EDAD_01.pdf\"><img loading=\"lazy\" decoding=\"async\" width=\"723\" height=\"1024\" src=\"https:\/\/www.udpcuenca.com\/wp-content\/uploads\/2023\/01\/Captura-de-pantalla-2023-01-03-202651-723x1024.png\" alt=\"\" class=\"wp-image-1984\" srcset=\"https:\/\/www.udpcuenca.com\/wp-content\/uploads\/2023\/01\/Captura-de-pantalla-2023-01-03-202651-723x1024.png 723w, https:\/\/www.udpcuenca.com\/wp-content\/uploads\/2023\/01\/Captura-de-pantalla-2023-01-03-202651-212x300.png 212w, https:\/\/www.udpcuenca.com\/wp-content\/uploads\/2023\/01\/Captura-de-pantalla-2023-01-03-202651-768x1088.png 768w, https:\/\/www.udpcuenca.com\/wp-content\/uploads\/2023\/01\/Captura-de-pantalla-2023-01-03-202651-450x637.png 450w, https:\/\/www.udpcuenca.com\/wp-content\/uploads\/2023\/01\/Captura-de-pantalla-2023-01-03-202651-600x850.png 600w, https:\/\/www.udpcuenca.com\/wp-content\/uploads\/2023\/01\/Captura-de-pantalla-2023-01-03-202651.png 819w\" sizes=\"auto, (max-width: 723px) 100vw, 723px\" \/><\/a><\/figure>\n\n\n\n<h4 class=\"wp-block-heading has-text-align-center\">2\u00ba Campeonato de Juegos Populares 2022 Saelices<\/h4>\n\n\n\n<figure class=\"wp-block-embed is-type-video is-provider-youtube wp-block-embed-youtube wp-embed-aspect-16-9 wp-has-aspect-ratio\"><div class=\"wp-block-embed__wrapper\">\n<iframe loading=\"lazy\" title=\"UDP CUENCA 2\u00ba Campeonato de Juegos Populares Saelices 2022\" width=\"580\" height=\"326\" src=\"https:\/\/www.youtube.com\/embed\/rc3BorcRpuw?feature=oembed\" frameborder=\"0\" allow=\"accelerometer; autoplay; clipboard-write; encrypted-media; gyroscope; picture-in-picture; web-share\" referrerpolicy=\"strict-origin-when-cross-origin\" allowfullscreen><\/iframe>\n<\/div><\/figure>\n\n\n\n<h4 class=\"wp-block-heading has-text-align-center\" id=\"1\u00aa-edicion-del-campeonato-de-juegos-populares-2021-puebla-de-almenara\">1\u00ba Campeonato de Juegos Populares 2021 Puebla de Almenara<\/h4>\n\n\n\n<figure class=\"wp-block-embed aligncenter is-type-video is-provider-youtube wp-block-embed-youtube wp-embed-aspect-16-9 wp-has-aspect-ratio\"><div class=\"wp-block-embed__wrapper\">\n<iframe loading=\"lazy\" title=\"1\u00aa Edici\u00f3n de Juegos Populares 2021 Puebla de Almenara\" width=\"580\" height=\"326\" src=\"https:\/\/www.youtube.com\/embed\/C_LXi_5H9Lc?feature=oembed\" frameborder=\"0\" allow=\"accelerometer; autoplay; clipboard-write; encrypted-media; gyroscope; picture-in-picture; web-share\" referrerpolicy=\"strict-origin-when-cross-origin\" allowfullscreen><\/iframe>\n<\/div><\/figure>\n\n\n\n<figure class=\"wp-block-image size-large\"><a href=\"https:\/\/www.udpcuenca.com\/wp-content\/uploads\/2021\/08\/ProgramaVoluntariado2021.pdf\" target=\"_blank\" rel=\"noopener\"><img loading=\"lazy\" decoding=\"async\" width=\"768\" height=\"1024\" src=\"https:\/\/www.udpcuenca.com\/wp-content\/uploads\/2021\/08\/Voluntariado-768x1024.png\" alt=\"\" class=\"wp-image-958\" srcset=\"https:\/\/www.udpcuenca.com\/wp-content\/uploads\/2021\/08\/Voluntariado-768x1023.png 768w, https:\/\/www.udpcuenca.com\/wp-content\/uploads\/2021\/08\/Voluntariado-450x600.png 450w, https:\/\/www.udpcuenca.com\/wp-content\/uploads\/2021\/08\/Voluntariado-600x800.png 600w, https:\/\/www.udpcuenca.com\/wp-content\/uploads\/2021\/08\/Voluntariado-225x300.png 225w, https:\/\/www.udpcuenca.com\/wp-content\/uploads\/2021\/08\/Voluntariado.png 824w\" sizes=\"auto, (max-width: 768px) 100vw, 768px\" \/><\/a><\/figure>\n\n\n\n<h5 class=\"wp-block-heading has-text-align-center\" id=\"lorena-diputada-de-servicios-sociales-igualdad-y-ayuda-en-la-cooperacion\">Lorena \u2022 Anterior Diputada de Servicios Sociales, Igualdad y Ayuda en la Cooperaci\u00f3n<\/h5>\n\n\n\n<figure class=\"wp-block-embed aligncenter is-type-video is-provider-youtube wp-block-embed-youtube wp-embed-aspect-16-9 wp-has-aspect-ratio\"><div class=\"wp-block-embed__wrapper\">\n<iframe loading=\"lazy\" title=\"Lorena Cantarero. Diputada de Servicios Sociales, Igualdad y Ayuda a la Cooperaci\u00f3n.\" width=\"580\" height=\"326\" src=\"https:\/\/www.youtube.com\/embed\/jXQb6vChU_o?feature=oembed\" frameborder=\"0\" allow=\"accelerometer; autoplay; clipboard-write; encrypted-media; gyroscope; picture-in-picture; web-share\" referrerpolicy=\"strict-origin-when-cross-origin\" allowfullscreen><\/iframe>\n<\/div><\/figure>\n\n\n\n<div class=\"wp-block-columns is-layout-flex wp-container-core-columns-is-layout-9d6595d7 wp-block-columns-is-layout-flex\">\n<div class=\"wp-block-column is-layout-flow wp-block-column-is-layout-flow\">\n<h5 class=\"wp-block-heading has-text-align-center\" id=\"diputacion\">Diputaci\u00f3n<\/h5>\n\n\n\n<figure class=\"wp-block-image alignwide size-large\"><a href=\"https:\/\/www.dipucuenca.es\/tablon-de-anuncios\"><img loading=\"lazy\" decoding=\"async\" width=\"364\" height=\"280\" src=\"https:\/\/www.udpcuenca.com\/wp-content\/uploads\/2021\/01\/DiputacionCuenca.jpg\" alt=\"\" class=\"wp-image-406\" srcset=\"https:\/\/www.udpcuenca.com\/wp-content\/uploads\/2021\/01\/DiputacionCuenca.jpg 364w, https:\/\/www.udpcuenca.com\/wp-content\/uploads\/2021\/01\/DiputacionCuenca-300x231.jpg 300w\" sizes=\"auto, (max-width: 364px) 100vw, 364px\" \/><\/a><\/figure>\n<\/div>\n\n\n\n<div class=\"wp-block-column is-layout-flow wp-block-column-is-layout-flow\">\n<h5 class=\"wp-block-heading alignfull has-text-align-center\" id=\"consejo-de-mayores\">Consejo de Mayores<\/h5>\n\n\n\n<figure class=\"wp-block-image size-large is-resized\"><a href=\"https:\/\/www.udpcuenca.com\/wp-content\/uploads\/2021\/01\/Reglamento-Consejo-Mayores-Diputacion-Cuenca.pdf\"><img loading=\"lazy\" decoding=\"async\" width=\"1000\" height=\"558\" src=\"https:\/\/www.udpcuenca.com\/wp-content\/uploads\/2021\/04\/Consejo_mayores.jpg\" alt=\"\" class=\"wp-image-804\" style=\"width:400px;height:223px\" srcset=\"https:\/\/www.udpcuenca.com\/wp-content\/uploads\/2021\/04\/Consejo_mayores.jpg 1000w, https:\/\/www.udpcuenca.com\/wp-content\/uploads\/2021\/04\/Consejo_mayores-450x251.jpg 450w, https:\/\/www.udpcuenca.com\/wp-content\/uploads\/2021\/04\/Consejo_mayores-600x335.jpg 600w, https:\/\/www.udpcuenca.com\/wp-content\/uploads\/2021\/04\/Consejo_mayores-300x167.jpg 300w, https:\/\/www.udpcuenca.com\/wp-content\/uploads\/2021\/04\/Consejo_mayores-768x429.jpg 768w\" sizes=\"auto, (max-width: 1000px) 100vw, 1000px\" \/><\/a><\/figure>\n<\/div>\n<\/div>\n\n\n\n<h2 class=\"wp-block-heading has-text-align-center\" id=\"dedanismo\">Edanismo<\/h2>\n\n\n\n<figure class=\"wp-block-embed is-type-video is-provider-youtube wp-block-embed-youtube wp-embed-aspect-16-9 wp-has-aspect-ratio\"><div class=\"wp-block-embed__wrapper\">\n<iframe loading=\"lazy\" title=\"Dedanismo\" width=\"580\" height=\"326\" src=\"https:\/\/www.youtube.com\/embed\/wnBceBDpzfg?feature=oembed\" frameborder=\"0\" allow=\"accelerometer; autoplay; clipboard-write; encrypted-media; gyroscope; picture-in-picture; web-share\" referrerpolicy=\"strict-origin-when-cross-origin\" allowfullscreen><\/iframe>\n<\/div><\/figure>\n\n\n\n<div class=\"wp-block-columns is-layout-flex wp-container-core-columns-is-layout-9d6595d7 wp-block-columns-is-layout-flex\">\n<div class=\"wp-block-column is-layout-flow wp-block-column-is-layout-flow\">\n<p><\/p>\n<\/div>\n\n\n\n<div class=\"wp-block-column is-layout-flow wp-block-column-is-layout-flow\"><\/div>\n<\/div>\n","protected":false},"excerpt":{"rendered":"<p>3\u00ba Campeonato y Final de Juegos Populares 2023 Villamayor de Santiago 2\u00ba Campeonato de Juegos Populares 2022 Saelices 1\u00ba Campeonato de Juegos Populares 2021 Puebla de Almenara Lorena \u2022 Anterior Diputada de Servicios Sociales, Igualdad y Ayuda en la Cooperaci\u00f3n Diputaci\u00f3n Consejo de Mayores Edanismo<\/p>\n","protected":false},"author":1,"featured_media":0,"parent":0,"menu_order":0,"comment_status":"closed","ping_status":"closed","template":"","meta":{"_monsterinsights_skip_tracking":false,"_monsterinsights_sitenote_active":false,"_monsterinsights_sitenote_note":"","_monsterinsights_sitenote_category":0,"footnotes":""},"class_list":["post-72","page","type-page","status-publish","hentry"],"yoast_head":"<!-- This site is optimized with the Yoast SEO plugin v27.4 - https:\/\/yoast.com\/product\/yoast-seo-wordpress\/ -->\n<title>Diputaci\u00f3n - UDP Cuenca<\/title>\n<meta name=\"description\" content=\"Diputaci\u00f3n Provincial de Cuenca Ayuda a los Mayores de Toda la Provincia con su Aportaci\u00f3n en proveer la comunicaci\u00f3n eficaz y sencilla.\" \/>\n<meta name=\"robots\" content=\"index, follow, max-snippet:-1, max-image-preview:large, max-video-preview:-1\" \/>\n<link rel=\"canonical\" href=\"https:\/\/www.udpcuenca.com\/index.php\/diputacion_provincial_de_cuenca\/\" \/>\n<meta property=\"og:locale\" content=\"es_ES\" \/>\n<meta property=\"og:type\" content=\"article\" \/>\n<meta property=\"og:title\" content=\"Diputaci\u00f3n - UDP Cuenca\" \/>\n<meta property=\"og:description\" content=\"Diputaci\u00f3n Provincial de Cuenca Ayuda a los Mayores de Toda la Provincia con su Aportaci\u00f3n en proveer la comunicaci\u00f3n eficaz y sencilla.\" \/>\n<meta property=\"og:url\" content=\"https:\/\/www.udpcuenca.com\/index.php\/diputacion_provincial_de_cuenca\/\" \/>\n<meta property=\"og:site_name\" content=\"UDP Cuenca\" \/>\n<meta property=\"article:modified_time\" content=\"2024-11-19T18:14:40+00:00\" \/>\n<meta property=\"og:image\" content=\"https:\/\/www.udpcuenca.com\/wp-content\/uploads\/2023\/02\/SubvencionDiputacion.png\" \/>\n\t<meta property=\"og:image:width\" content=\"1050\" \/>\n\t<meta property=\"og:image:height\" content=\"470\" \/>\n\t<meta property=\"og:image:type\" content=\"image\/png\" \/>\n<meta name=\"twitter:card\" content=\"summary_large_image\" \/>\n<meta name=\"twitter:label1\" content=\"Tiempo de lectura\" \/>\n\t<meta name=\"twitter:data1\" content=\"2 minutos\" \/>\n<script type=\"application\/ld+json\" class=\"yoast-schema-graph\">{\"@context\":\"https:\\\/\\\/schema.org\",\"@graph\":[{\"@type\":\"WebPage\",\"@id\":\"https:\\\/\\\/www.udpcuenca.com\\\/index.php\\\/diputacion_provincial_de_cuenca\\\/\",\"url\":\"https:\\\/\\\/www.udpcuenca.com\\\/index.php\\\/diputacion_provincial_de_cuenca\\\/\",\"name\":\"Diputaci\u00f3n - UDP Cuenca\",\"isPartOf\":{\"@id\":\"https:\\\/\\\/www.udpcuenca.com\\\/#website\"},\"primaryImageOfPage\":{\"@id\":\"https:\\\/\\\/www.udpcuenca.com\\\/index.php\\\/diputacion_provincial_de_cuenca\\\/#primaryimage\"},\"image\":{\"@id\":\"https:\\\/\\\/www.udpcuenca.com\\\/index.php\\\/diputacion_provincial_de_cuenca\\\/#primaryimage\"},\"thumbnailUrl\":\"https:\\\/\\\/www.udpcuenca.com\\\/wp-content\\\/uploads\\\/2023\\\/02\\\/SubvencionDiputacion-1024x458.png\",\"datePublished\":\"2020-11-18T20:16:03+00:00\",\"dateModified\":\"2024-11-19T18:14:40+00:00\",\"description\":\"Diputaci\u00f3n Provincial de Cuenca Ayuda a los Mayores de Toda la Provincia con su Aportaci\u00f3n en proveer la comunicaci\u00f3n eficaz y sencilla.\",\"breadcrumb\":{\"@id\":\"https:\\\/\\\/www.udpcuenca.com\\\/index.php\\\/diputacion_provincial_de_cuenca\\\/#breadcrumb\"},\"inLanguage\":\"es\",\"potentialAction\":[{\"@type\":\"ReadAction\",\"target\":[\"https:\\\/\\\/www.udpcuenca.com\\\/index.php\\\/diputacion_provincial_de_cuenca\\\/\"]}]},{\"@type\":\"ImageObject\",\"inLanguage\":\"es\",\"@id\":\"https:\\\/\\\/www.udpcuenca.com\\\/index.php\\\/diputacion_provincial_de_cuenca\\\/#primaryimage\",\"url\":\"https:\\\/\\\/www.udpcuenca.com\\\/wp-content\\\/uploads\\\/2023\\\/02\\\/SubvencionDiputacion.png\",\"contentUrl\":\"https:\\\/\\\/www.udpcuenca.com\\\/wp-content\\\/uploads\\\/2023\\\/02\\\/SubvencionDiputacion.png\",\"width\":1050,\"height\":470},{\"@type\":\"BreadcrumbList\",\"@id\":\"https:\\\/\\\/www.udpcuenca.com\\\/index.php\\\/diputacion_provincial_de_cuenca\\\/#breadcrumb\",\"itemListElement\":[{\"@type\":\"ListItem\",\"position\":1,\"name\":\"Portada\",\"item\":\"https:\\\/\\\/www.udpcuenca.com\\\/\"},{\"@type\":\"ListItem\",\"position\":2,\"name\":\"Diputaci\u00f3n\"}]},{\"@type\":\"WebSite\",\"@id\":\"https:\\\/\\\/www.udpcuenca.com\\\/#website\",\"url\":\"https:\\\/\\\/www.udpcuenca.com\\\/\",\"name\":\"UDP Cuenca\",\"description\":\"Asociaci\u00f3n Democr\u00e1tica de Jubilados y Pensionistas &quot;San Julian&quot; UDP Cuenca\",\"publisher\":{\"@id\":\"https:\\\/\\\/www.udpcuenca.com\\\/#organization\"},\"potentialAction\":[{\"@type\":\"SearchAction\",\"target\":{\"@type\":\"EntryPoint\",\"urlTemplate\":\"https:\\\/\\\/www.udpcuenca.com\\\/?s={search_term_string}\"},\"query-input\":{\"@type\":\"PropertyValueSpecification\",\"valueRequired\":true,\"valueName\":\"search_term_string\"}}],\"inLanguage\":\"es\"},{\"@type\":\"Organization\",\"@id\":\"https:\\\/\\\/www.udpcuenca.com\\\/#organization\",\"name\":\"UDP Cuenca\",\"url\":\"https:\\\/\\\/www.udpcuenca.com\\\/\",\"logo\":{\"@type\":\"ImageObject\",\"inLanguage\":\"es\",\"@id\":\"https:\\\/\\\/www.udpcuenca.com\\\/#\\\/schema\\\/logo\\\/image\\\/\",\"url\":\"https:\\\/\\\/www.udpcuenca.com\\\/wp-content\\\/uploads\\\/2024\\\/11\\\/cropped-Imagen781.png\",\"contentUrl\":\"https:\\\/\\\/www.udpcuenca.com\\\/wp-content\\\/uploads\\\/2024\\\/11\\\/cropped-Imagen781.png\",\"width\":583,\"height\":158,\"caption\":\"UDP Cuenca\"},\"image\":{\"@id\":\"https:\\\/\\\/www.udpcuenca.com\\\/#\\\/schema\\\/logo\\\/image\\\/\"}}]}<\/script>\n<!-- \/ Yoast SEO plugin. -->","yoast_head_json":{"title":"Diputaci\u00f3n - UDP Cuenca","description":"Diputaci\u00f3n Provincial de Cuenca Ayuda a los Mayores de Toda la Provincia con su Aportaci\u00f3n en proveer la comunicaci\u00f3n eficaz y sencilla.","robots":{"index":"index","follow":"follow","max-snippet":"max-snippet:-1","max-image-preview":"max-image-preview:large","max-video-preview":"max-video-preview:-1"},"canonical":"https:\/\/www.udpcuenca.com\/index.php\/diputacion_provincial_de_cuenca\/","og_locale":"es_ES","og_type":"article","og_title":"Diputaci\u00f3n - UDP Cuenca","og_description":"Diputaci\u00f3n Provincial de Cuenca Ayuda a los Mayores de Toda la Provincia con su Aportaci\u00f3n en proveer la comunicaci\u00f3n eficaz y sencilla.","og_url":"https:\/\/www.udpcuenca.com\/index.php\/diputacion_provincial_de_cuenca\/","og_site_name":"UDP Cuenca","article_modified_time":"2024-11-19T18:14:40+00:00","og_image":[{"width":1050,"height":470,"url":"https:\/\/www.udpcuenca.com\/wp-content\/uploads\/2023\/02\/SubvencionDiputacion.png","type":"image\/png"}],"twitter_card":"summary_large_image","twitter_misc":{"Tiempo de lectura":"2 minutos"},"schema":{"@context":"https:\/\/schema.org","@graph":[{"@type":"WebPage","@id":"https:\/\/www.udpcuenca.com\/index.php\/diputacion_provincial_de_cuenca\/","url":"https:\/\/www.udpcuenca.com\/index.php\/diputacion_provincial_de_cuenca\/","name":"Diputaci\u00f3n - UDP Cuenca","isPartOf":{"@id":"https:\/\/www.udpcuenca.com\/#website"},"primaryImageOfPage":{"@id":"https:\/\/www.udpcuenca.com\/index.php\/diputacion_provincial_de_cuenca\/#primaryimage"},"image":{"@id":"https:\/\/www.udpcuenca.com\/index.php\/diputacion_provincial_de_cuenca\/#primaryimage"},"thumbnailUrl":"https:\/\/www.udpcuenca.com\/wp-content\/uploads\/2023\/02\/SubvencionDiputacion-1024x458.png","datePublished":"2020-11-18T20:16:03+00:00","dateModified":"2024-11-19T18:14:40+00:00","description":"Diputaci\u00f3n Provincial de Cuenca Ayuda a los Mayores de Toda la Provincia con su Aportaci\u00f3n en proveer la comunicaci\u00f3n eficaz y sencilla.","breadcrumb":{"@id":"https:\/\/www.udpcuenca.com\/index.php\/diputacion_provincial_de_cuenca\/#breadcrumb"},"inLanguage":"es","potentialAction":[{"@type":"ReadAction","target":["https:\/\/www.udpcuenca.com\/index.php\/diputacion_provincial_de_cuenca\/"]}]},{"@type":"ImageObject","inLanguage":"es","@id":"https:\/\/www.udpcuenca.com\/index.php\/diputacion_provincial_de_cuenca\/#primaryimage","url":"https:\/\/www.udpcuenca.com\/wp-content\/uploads\/2023\/02\/SubvencionDiputacion.png","contentUrl":"https:\/\/www.udpcuenca.com\/wp-content\/uploads\/2023\/02\/SubvencionDiputacion.png","width":1050,"height":470},{"@type":"BreadcrumbList","@id":"https:\/\/www.udpcuenca.com\/index.php\/diputacion_provincial_de_cuenca\/#breadcrumb","itemListElement":[{"@type":"ListItem","position":1,"name":"Portada","item":"https:\/\/www.udpcuenca.com\/"},{"@type":"ListItem","position":2,"name":"Diputaci\u00f3n"}]},{"@type":"WebSite","@id":"https:\/\/www.udpcuenca.com\/#website","url":"https:\/\/www.udpcuenca.com\/","name":"UDP Cuenca","description":"Asociaci\u00f3n Democr\u00e1tica de Jubilados y Pensionistas &quot;San Julian&quot; UDP Cuenca","publisher":{"@id":"https:\/\/www.udpcuenca.com\/#organization"},"potentialAction":[{"@type":"SearchAction","target":{"@type":"EntryPoint","urlTemplate":"https:\/\/www.udpcuenca.com\/?s={search_term_string}"},"query-input":{"@type":"PropertyValueSpecification","valueRequired":true,"valueName":"search_term_string"}}],"inLanguage":"es"},{"@type":"Organization","@id":"https:\/\/www.udpcuenca.com\/#organization","name":"UDP Cuenca","url":"https:\/\/www.udpcuenca.com\/","logo":{"@type":"ImageObject","inLanguage":"es","@id":"https:\/\/www.udpcuenca.com\/#\/schema\/logo\/image\/","url":"https:\/\/www.udpcuenca.com\/wp-content\/uploads\/2024\/11\/cropped-Imagen781.png","contentUrl":"https:\/\/www.udpcuenca.com\/wp-content\/uploads\/2024\/11\/cropped-Imagen781.png","width":583,"height":158,"caption":"UDP Cuenca"},"image":{"@id":"https:\/\/www.udpcuenca.com\/#\/schema\/logo\/image\/"}}]}},"_links":{"self":[{"href":"https:\/\/www.udpcuenca.com\/index.php\/wp-json\/wp\/v2\/pages\/72","targetHints":{"allow":["GET"]}}],"collection":[{"href":"https:\/\/www.udpcuenca.com\/index.php\/wp-json\/wp\/v2\/pages"}],"about":[{"href":"https:\/\/www.udpcuenca.com\/index.php\/wp-json\/wp\/v2\/types\/page"}],"author":[{"embeddable":true,"href":"https:\/\/www.udpcuenca.com\/index.php\/wp-json\/wp\/v2\/users\/1"}],"replies":[{"embeddable":true,"href":"https:\/\/www.udpcuenca.com\/index.php\/wp-json\/wp\/v2\/comments?post=72"}],"version-history":[{"count":61,"href":"https:\/\/www.udpcuenca.com\/index.php\/wp-json\/wp\/v2\/pages\/72\/revisions"}],"predecessor-version":[{"id":2484,"href":"https:\/\/www.udpcuenca.com\/index.php\/wp-json\/wp\/v2\/pages\/72\/revisions\/2484"}],"wp:attachment":[{"href":"https:\/\/www.udpcuenca.com\/index.php\/wp-json\/wp\/v2\/media?parent=72"}],"curies":[{"name":"wp","href":"https:\/\/api.w.org\/{rel}","templated":true}]}}