{"id":8,"date":"2020-11-06T11:44:24","date_gmt":"2020-11-06T11:44:24","guid":{"rendered":"http:\/\/www.udpcuenca.com\/?page_id=8"},"modified":"2024-05-16T08:00:32","modified_gmt":"2024-05-16T08:00:32","slug":"comunicate","status":"publish","type":"page","link":"https:\/\/www.udpcuenca.com\/index.php\/comunicate\/","title":{"rendered":"Comun\u00edcate"},"content":{"rendered":"\n<figure class=\"wp-block-embed alignwide is-type-video is-provider-youtube wp-block-embed-youtube wp-embed-aspect-16-9 wp-has-aspect-ratio\"><div class=\"wp-block-embed__wrapper\">\n<iframe loading=\"lazy\" title=\"Fran Formacion1\" width=\"580\" height=\"326\" src=\"https:\/\/www.youtube.com\/embed\/iohVBpPPntA?feature=oembed\" frameborder=\"0\" allow=\"accelerometer; autoplay; clipboard-write; encrypted-media; gyroscope; picture-in-picture; web-share\" referrerpolicy=\"strict-origin-when-cross-origin\" allowfullscreen><\/iframe>\n<\/div><\/figure>\n\n\n\n<h1 class=\"wp-block-heading has-text-align-center\" id=\"llama-directamente\">Llama directamente<\/h1>\n\n\n\n<h1 class=\"wp-block-heading alignfull has-text-align-center\" id=\"969-22-74-41\">969 22 74 41<\/h1>\n\n\n\n<h1 class=\"wp-block-heading alignfull has-text-align-center\" id=\"619-75-53-75\">619 75 53 75<\/h1>\n\n\n\n<h1 class=\"wp-block-heading alignfull has-text-align-center\" id=\"641-24-41-48\">641 24 41 48<\/h1>\n\n\n\n<h2 class=\"wp-block-heading has-text-align-center\">Pulsa aqu\u00ed en Anydesk para Asistencia <\/h2>\n\n\n<div class=\"wp-block-image\">\n<figure class=\"aligncenter size-full\"><a href=\"https:\/\/www.anydesk.com\/es\/downloads\/thank-you?dv=win_exe\"><img loading=\"lazy\" decoding=\"async\" width=\"293\" height=\"92\" src=\"https:\/\/www.udpcuenca.com\/wp-content\/uploads\/2022\/06\/Anydesk.png\" alt=\"\" class=\"wp-image-1702\"\/><\/a><\/figure>\n<\/div>\n\n\n<h3 class=\"wp-block-heading has-text-align-center\" id=\"escribenos-un-correo-electronico\">Escr\u00edbenos un Correo Electr\u00f3nico<\/h3>\n\n\n\n<figure class=\"wp-block-image size-large\"><a href=\"mailto:tecnico@udpcuenca.com\"><img loading=\"lazy\" decoding=\"async\" width=\"640\" height=\"640\" src=\"https:\/\/www.udpcuenca.com\/wp-content\/uploads\/2021\/01\/CorreoTec640x640.png\" alt=\"\" class=\"wp-image-472\" srcset=\"https:\/\/www.udpcuenca.com\/wp-content\/uploads\/2021\/01\/CorreoTec640x640.png 640w, https:\/\/www.udpcuenca.com\/wp-content\/uploads\/2021\/01\/CorreoTec640x640-450x450.png 450w, https:\/\/www.udpcuenca.com\/wp-content\/uploads\/2021\/01\/CorreoTec640x640-100x100.png 100w, https:\/\/www.udpcuenca.com\/wp-content\/uploads\/2021\/01\/CorreoTec640x640-600x600.png 600w, https:\/\/www.udpcuenca.com\/wp-content\/uploads\/2021\/01\/CorreoTec640x640-300x300.png 300w, https:\/\/www.udpcuenca.com\/wp-content\/uploads\/2021\/01\/CorreoTec640x640-150x150.png 150w\" sizes=\"auto, (max-width: 640px) 100vw, 640px\" \/><\/a><\/figure>\n\n\n\n<h2 class=\"wp-block-heading has-text-align-center\" id=\"usa-whatsapp-web\">Usa WhatsApp Web<\/h2>\n\n\n\n<figure class=\"wp-block-image size-large is-resized\"><a href=\"https:\/\/wa.me\/+34641244148\/?text=Hola%2C%20%C2%BFen%20que%20puedo%20ayudarte%3F\"><img loading=\"lazy\" decoding=\"async\" width=\"570\" height=\"570\" src=\"https:\/\/www.udpcuenca.com\/wp-content\/uploads\/2020\/12\/WhatsApp.png\" alt=\"\" class=\"wp-image-216\" style=\"width:609px;height:609px\" srcset=\"https:\/\/www.udpcuenca.com\/wp-content\/uploads\/2020\/12\/WhatsApp.png 570w, https:\/\/www.udpcuenca.com\/wp-content\/uploads\/2020\/12\/WhatsApp-450x450.png 450w, https:\/\/www.udpcuenca.com\/wp-content\/uploads\/2020\/12\/WhatsApp-100x100.png 100w, https:\/\/www.udpcuenca.com\/wp-content\/uploads\/2020\/12\/WhatsApp-300x300.png 300w, https:\/\/www.udpcuenca.com\/wp-content\/uploads\/2020\/12\/WhatsApp-150x150.png 150w\" sizes=\"auto, (max-width: 570px) 100vw, 570px\" \/><\/a><\/figure>\n\n\n\n<h1 class=\"wp-block-heading has-text-align-center\" id=\"mandar-archivos-con\">Mandar Archivos con<\/h1>\n\n\n\n<figure class=\"wp-block-image size-large\"><a href=\"https:\/\/t.me\/UdpCuenca\"><img loading=\"lazy\" decoding=\"async\" width=\"1024\" height=\"963\" src=\"https:\/\/www.udpcuenca.com\/wp-content\/uploads\/2021\/03\/TelegramLogo-1024x963.png\" alt=\"\" class=\"wp-image-741\" srcset=\"https:\/\/www.udpcuenca.com\/wp-content\/uploads\/2021\/03\/TelegramLogo-1024x963.png 1024w, https:\/\/www.udpcuenca.com\/wp-content\/uploads\/2021\/03\/TelegramLogo-450x423.png 450w, https:\/\/www.udpcuenca.com\/wp-content\/uploads\/2021\/03\/TelegramLogo-600x564.png 600w, https:\/\/www.udpcuenca.com\/wp-content\/uploads\/2021\/03\/TelegramLogo-300x282.png 300w, https:\/\/www.udpcuenca.com\/wp-content\/uploads\/2021\/03\/TelegramLogo-768x722.png 768w, https:\/\/www.udpcuenca.com\/wp-content\/uploads\/2021\/03\/TelegramLogo-1536x1445.png 1536w, https:\/\/www.udpcuenca.com\/wp-content\/uploads\/2021\/03\/TelegramLogo-2048x1926.png 2048w, https:\/\/www.udpcuenca.com\/wp-content\/uploads\/2021\/03\/TelegramLogo-1200x1129.png 1200w, https:\/\/www.udpcuenca.com\/wp-content\/uploads\/2021\/03\/TelegramLogo-1980x1862.png 1980w\" sizes=\"auto, (max-width: 1024px) 100vw, 1024px\" \/><\/a><\/figure>\n\n\n\n<h3 class=\"wp-block-heading has-text-align-center\" id=\"listado-de-asociaciones\">Listado de Asociaciones<\/h3>\n\n\n\n<h3 class=\"wp-block-heading has-text-align-center\" id=\"correo-electronico-telefono-nombre-del-presidente-de-la-asociacion-y-poblacion-a-la-que-corresponde\">Pulsa la imagen para descargar y abrir el PDF con el listado de todas las asociaciones. Est\u00e1 protegido con contrase\u00f1a por ley de protecci\u00f3n de datos. Para abrirlo ponte en contacto con UDP central por algunos de sus medios.<\/h3>\n\n\n\n<figure class=\"wp-block-image size-full\"><a href=\"https:\/\/www.udpcuenca.com\/wp-content\/uploads\/2024\/05\/Listado-Asociaciones.pdf\"><img loading=\"lazy\" decoding=\"async\" width=\"650\" height=\"450\" src=\"https:\/\/www.udpcuenca.com\/wp-content\/uploads\/2024\/05\/Listado.jpg\" alt=\"\" class=\"wp-image-2442\" srcset=\"https:\/\/www.udpcuenca.com\/wp-content\/uploads\/2024\/05\/Listado.jpg 650w, https:\/\/www.udpcuenca.com\/wp-content\/uploads\/2024\/05\/Listado-300x208.jpg 300w, https:\/\/www.udpcuenca.com\/wp-content\/uploads\/2024\/05\/Listado-450x312.jpg 450w, https:\/\/www.udpcuenca.com\/wp-content\/uploads\/2024\/05\/Listado-600x415.jpg 600w\" sizes=\"auto, (max-width: 650px) 100vw, 650px\" \/><\/a><\/figure>\n\n\n\n<p><\/p>\n\n\n\n<p><\/p>\n\n\n\n<p><\/p>\n\n\n\n<p><\/p>\n\n\n\n<p><\/p>\n","protected":false},"excerpt":{"rendered":"<p>Llama directamente 969 22 74 41 619 75 53 75 641 24 41 48 Pulsa aqu\u00ed en Anydesk para Asistencia Escr\u00edbenos un Correo Electr\u00f3nico Usa WhatsApp Web Mandar Archivos con Listado de Asociaciones Pulsa la imagen para descargar y abrir el PDF con el listado de todas las asociaciones. Est\u00e1 protegido con contrase\u00f1a por ley [&hellip;]<\/p>\n","protected":false},"author":1,"featured_media":0,"parent":0,"menu_order":0,"comment_status":"closed","ping_status":"closed","template":"","meta":{"_monsterinsights_skip_tracking":false,"_monsterinsights_sitenote_active":false,"_monsterinsights_sitenote_note":"","_monsterinsights_sitenote_category":0,"footnotes":""},"class_list":["post-8","page","type-page","status-publish","hentry"],"yoast_head":"<!-- This site is optimized with the Yoast SEO plugin v27.4 - https:\/\/yoast.com\/product\/yoast-seo-wordpress\/ -->\n<title>Comun\u00edcate - UDP Cuenca<\/title>\n<meta name=\"description\" content=\"Para Contactar con la Central UDP de Cuenca por los diferentes medios, como llamada directa, correo electr\u00f3nico, Telegram, Skype o WhatsApp\" \/>\n<meta name=\"robots\" content=\"index, follow, max-snippet:-1, max-image-preview:large, max-video-preview:-1\" \/>\n<link rel=\"canonical\" href=\"https:\/\/www.udpcuenca.com\/index.php\/comunicate\/\" \/>\n<meta property=\"og:locale\" content=\"es_ES\" \/>\n<meta property=\"og:type\" content=\"article\" \/>\n<meta property=\"og:title\" content=\"Comun\u00edcate - UDP Cuenca\" \/>\n<meta property=\"og:description\" content=\"Para Contactar con la Central UDP de Cuenca por los diferentes medios, como llamada directa, correo electr\u00f3nico, Telegram, Skype o WhatsApp\" \/>\n<meta property=\"og:url\" content=\"https:\/\/www.udpcuenca.com\/index.php\/comunicate\/\" \/>\n<meta property=\"og:site_name\" content=\"UDP Cuenca\" \/>\n<meta property=\"article:modified_time\" content=\"2024-05-16T08:00:32+00:00\" \/>\n<meta property=\"og:image\" content=\"https:\/\/www.udpcuenca.com\/wp-content\/uploads\/2022\/06\/Anydesk.png\" \/>\n<meta name=\"twitter:card\" content=\"summary_large_image\" \/>\n<meta name=\"twitter:label1\" content=\"Tiempo de lectura\" \/>\n\t<meta name=\"twitter:data1\" content=\"2 minutos\" \/>\n<script type=\"application\/ld+json\" class=\"yoast-schema-graph\">{\"@context\":\"https:\\\/\\\/schema.org\",\"@graph\":[{\"@type\":\"WebPage\",\"@id\":\"https:\\\/\\\/www.udpcuenca.com\\\/index.php\\\/comunicate\\\/\",\"url\":\"https:\\\/\\\/www.udpcuenca.com\\\/index.php\\\/comunicate\\\/\",\"name\":\"Comun\u00edcate - UDP Cuenca\",\"isPartOf\":{\"@id\":\"https:\\\/\\\/www.udpcuenca.com\\\/#website\"},\"primaryImageOfPage\":{\"@id\":\"https:\\\/\\\/www.udpcuenca.com\\\/index.php\\\/comunicate\\\/#primaryimage\"},\"image\":{\"@id\":\"https:\\\/\\\/www.udpcuenca.com\\\/index.php\\\/comunicate\\\/#primaryimage\"},\"thumbnailUrl\":\"https:\\\/\\\/www.udpcuenca.com\\\/wp-content\\\/uploads\\\/2022\\\/06\\\/Anydesk.png\",\"datePublished\":\"2020-11-06T11:44:24+00:00\",\"dateModified\":\"2024-05-16T08:00:32+00:00\",\"description\":\"Para Contactar con la Central UDP de Cuenca por los diferentes medios, como llamada directa, correo electr\u00f3nico, Telegram, Skype o WhatsApp\",\"breadcrumb\":{\"@id\":\"https:\\\/\\\/www.udpcuenca.com\\\/index.php\\\/comunicate\\\/#breadcrumb\"},\"inLanguage\":\"es\",\"potentialAction\":[{\"@type\":\"ReadAction\",\"target\":[\"https:\\\/\\\/www.udpcuenca.com\\\/index.php\\\/comunicate\\\/\"]}]},{\"@type\":\"ImageObject\",\"inLanguage\":\"es\",\"@id\":\"https:\\\/\\\/www.udpcuenca.com\\\/index.php\\\/comunicate\\\/#primaryimage\",\"url\":\"https:\\\/\\\/www.udpcuenca.com\\\/wp-content\\\/uploads\\\/2022\\\/06\\\/Anydesk.png\",\"contentUrl\":\"https:\\\/\\\/www.udpcuenca.com\\\/wp-content\\\/uploads\\\/2022\\\/06\\\/Anydesk.png\",\"width\":293,\"height\":92},{\"@type\":\"BreadcrumbList\",\"@id\":\"https:\\\/\\\/www.udpcuenca.com\\\/index.php\\\/comunicate\\\/#breadcrumb\",\"itemListElement\":[{\"@type\":\"ListItem\",\"position\":1,\"name\":\"Portada\",\"item\":\"https:\\\/\\\/www.udpcuenca.com\\\/\"},{\"@type\":\"ListItem\",\"position\":2,\"name\":\"Comun\u00edcate\"}]},{\"@type\":\"WebSite\",\"@id\":\"https:\\\/\\\/www.udpcuenca.com\\\/#website\",\"url\":\"https:\\\/\\\/www.udpcuenca.com\\\/\",\"name\":\"UDP Cuenca\",\"description\":\"Asociaci\u00f3n Democr\u00e1tica de Jubilados y Pensionistas &quot;San Julian&quot; UDP Cuenca\",\"publisher\":{\"@id\":\"https:\\\/\\\/www.udpcuenca.com\\\/#organization\"},\"potentialAction\":[{\"@type\":\"SearchAction\",\"target\":{\"@type\":\"EntryPoint\",\"urlTemplate\":\"https:\\\/\\\/www.udpcuenca.com\\\/?s={search_term_string}\"},\"query-input\":{\"@type\":\"PropertyValueSpecification\",\"valueRequired\":true,\"valueName\":\"search_term_string\"}}],\"inLanguage\":\"es\"},{\"@type\":\"Organization\",\"@id\":\"https:\\\/\\\/www.udpcuenca.com\\\/#organization\",\"name\":\"UDP Cuenca\",\"url\":\"https:\\\/\\\/www.udpcuenca.com\\\/\",\"logo\":{\"@type\":\"ImageObject\",\"inLanguage\":\"es\",\"@id\":\"https:\\\/\\\/www.udpcuenca.com\\\/#\\\/schema\\\/logo\\\/image\\\/\",\"url\":\"https:\\\/\\\/www.udpcuenca.com\\\/wp-content\\\/uploads\\\/2024\\\/11\\\/cropped-Imagen781.png\",\"contentUrl\":\"https:\\\/\\\/www.udpcuenca.com\\\/wp-content\\\/uploads\\\/2024\\\/11\\\/cropped-Imagen781.png\",\"width\":583,\"height\":158,\"caption\":\"UDP Cuenca\"},\"image\":{\"@id\":\"https:\\\/\\\/www.udpcuenca.com\\\/#\\\/schema\\\/logo\\\/image\\\/\"}}]}<\/script>\n<!-- \/ Yoast SEO plugin. -->","yoast_head_json":{"title":"Comun\u00edcate - UDP Cuenca","description":"Para Contactar con la Central UDP de Cuenca por los diferentes medios, como llamada directa, correo electr\u00f3nico, Telegram, Skype o WhatsApp","robots":{"index":"index","follow":"follow","max-snippet":"max-snippet:-1","max-image-preview":"max-image-preview:large","max-video-preview":"max-video-preview:-1"},"canonical":"https:\/\/www.udpcuenca.com\/index.php\/comunicate\/","og_locale":"es_ES","og_type":"article","og_title":"Comun\u00edcate - UDP Cuenca","og_description":"Para Contactar con la Central UDP de Cuenca por los diferentes medios, como llamada directa, correo electr\u00f3nico, Telegram, Skype o WhatsApp","og_url":"https:\/\/www.udpcuenca.com\/index.php\/comunicate\/","og_site_name":"UDP Cuenca","article_modified_time":"2024-05-16T08:00:32+00:00","og_image":[{"url":"https:\/\/www.udpcuenca.com\/wp-content\/uploads\/2022\/06\/Anydesk.png","type":"","width":"","height":""}],"twitter_card":"summary_large_image","twitter_misc":{"Tiempo de lectura":"2 minutos"},"schema":{"@context":"https:\/\/schema.org","@graph":[{"@type":"WebPage","@id":"https:\/\/www.udpcuenca.com\/index.php\/comunicate\/","url":"https:\/\/www.udpcuenca.com\/index.php\/comunicate\/","name":"Comun\u00edcate - UDP Cuenca","isPartOf":{"@id":"https:\/\/www.udpcuenca.com\/#website"},"primaryImageOfPage":{"@id":"https:\/\/www.udpcuenca.com\/index.php\/comunicate\/#primaryimage"},"image":{"@id":"https:\/\/www.udpcuenca.com\/index.php\/comunicate\/#primaryimage"},"thumbnailUrl":"https:\/\/www.udpcuenca.com\/wp-content\/uploads\/2022\/06\/Anydesk.png","datePublished":"2020-11-06T11:44:24+00:00","dateModified":"2024-05-16T08:00:32+00:00","description":"Para Contactar con la Central UDP de Cuenca por los diferentes medios, como llamada directa, correo electr\u00f3nico, Telegram, Skype o WhatsApp","breadcrumb":{"@id":"https:\/\/www.udpcuenca.com\/index.php\/comunicate\/#breadcrumb"},"inLanguage":"es","potentialAction":[{"@type":"ReadAction","target":["https:\/\/www.udpcuenca.com\/index.php\/comunicate\/"]}]},{"@type":"ImageObject","inLanguage":"es","@id":"https:\/\/www.udpcuenca.com\/index.php\/comunicate\/#primaryimage","url":"https:\/\/www.udpcuenca.com\/wp-content\/uploads\/2022\/06\/Anydesk.png","contentUrl":"https:\/\/www.udpcuenca.com\/wp-content\/uploads\/2022\/06\/Anydesk.png","width":293,"height":92},{"@type":"BreadcrumbList","@id":"https:\/\/www.udpcuenca.com\/index.php\/comunicate\/#breadcrumb","itemListElement":[{"@type":"ListItem","position":1,"name":"Portada","item":"https:\/\/www.udpcuenca.com\/"},{"@type":"ListItem","position":2,"name":"Comun\u00edcate"}]},{"@type":"WebSite","@id":"https:\/\/www.udpcuenca.com\/#website","url":"https:\/\/www.udpcuenca.com\/","name":"UDP Cuenca","description":"Asociaci\u00f3n Democr\u00e1tica de Jubilados y Pensionistas &quot;San Julian&quot; UDP Cuenca","publisher":{"@id":"https:\/\/www.udpcuenca.com\/#organization"},"potentialAction":[{"@type":"SearchAction","target":{"@type":"EntryPoint","urlTemplate":"https:\/\/www.udpcuenca.com\/?s={search_term_string}"},"query-input":{"@type":"PropertyValueSpecification","valueRequired":true,"valueName":"search_term_string"}}],"inLanguage":"es"},{"@type":"Organization","@id":"https:\/\/www.udpcuenca.com\/#organization","name":"UDP Cuenca","url":"https:\/\/www.udpcuenca.com\/","logo":{"@type":"ImageObject","inLanguage":"es","@id":"https:\/\/www.udpcuenca.com\/#\/schema\/logo\/image\/","url":"https:\/\/www.udpcuenca.com\/wp-content\/uploads\/2024\/11\/cropped-Imagen781.png","contentUrl":"https:\/\/www.udpcuenca.com\/wp-content\/uploads\/2024\/11\/cropped-Imagen781.png","width":583,"height":158,"caption":"UDP Cuenca"},"image":{"@id":"https:\/\/www.udpcuenca.com\/#\/schema\/logo\/image\/"}}]}},"_links":{"self":[{"href":"https:\/\/www.udpcuenca.com\/index.php\/wp-json\/wp\/v2\/pages\/8","targetHints":{"allow":["GET"]}}],"collection":[{"href":"https:\/\/www.udpcuenca.com\/index.php\/wp-json\/wp\/v2\/pages"}],"about":[{"href":"https:\/\/www.udpcuenca.com\/index.php\/wp-json\/wp\/v2\/types\/page"}],"author":[{"embeddable":true,"href":"https:\/\/www.udpcuenca.com\/index.php\/wp-json\/wp\/v2\/users\/1"}],"replies":[{"embeddable":true,"href":"https:\/\/www.udpcuenca.com\/index.php\/wp-json\/wp\/v2\/comments?post=8"}],"version-history":[{"count":92,"href":"https:\/\/www.udpcuenca.com\/index.php\/wp-json\/wp\/v2\/pages\/8\/revisions"}],"predecessor-version":[{"id":2446,"href":"https:\/\/www.udpcuenca.com\/index.php\/wp-json\/wp\/v2\/pages\/8\/revisions\/2446"}],"wp:attachment":[{"href":"https:\/\/www.udpcuenca.com\/index.php\/wp-json\/wp\/v2\/media?parent=8"}],"curies":[{"name":"wp","href":"https:\/\/api.w.org\/{rel}","templated":true}]}}