{"id":2417,"date":"2024-04-25T07:16:17","date_gmt":"2024-04-25T07:16:17","guid":{"rendered":"https:\/\/www.udpcuenca.com\/?post_type=product&#038;p=2417"},"modified":"2024-05-08T11:39:57","modified_gmt":"2024-05-08T11:39:57","slug":"la-granja-de-san-ildefonso-19-junio","status":"publish","type":"product","link":"https:\/\/www.udpcuenca.com\/index.php\/producto\/la-granja-de-san-ildefonso-19-junio\/","title":{"rendered":"LA GRANJA DE SAN ILDEFONSO (SEGOVIA). 19 DE JUNIO. COMPLETO"},"content":{"rendered":"<h2>LA GRANJA DE SAN ILDEFONSO (SEGOVIA). 19 DE JUNIO COMPLETO<\/h2>\n","protected":false},"excerpt":{"rendered":"<p>COMPLETO<\/p>\n","protected":false},"featured_media":2414,"comment_status":"open","ping_status":"closed","template":"","meta":{"_monsterinsights_skip_tracking":false,"_monsterinsights_sitenote_active":false,"_monsterinsights_sitenote_note":"","_monsterinsights_sitenote_category":0},"product_brand":[],"product_cat":[22],"product_tag":[],"class_list":{"0":"post-2417","1":"product","2":"type-product","3":"status-publish","4":"has-post-thumbnail","6":"product_cat-sin-categorizar","8":"first","9":"outofstock","10":"sale","11":"sold-individually","12":"shipping-taxable","13":"purchasable","14":"product-type-simple"},"yoast_head":"<!-- This site is optimized with the Yoast SEO plugin v27.4 - https:\/\/yoast.com\/product\/yoast-seo-wordpress\/ -->\n<title>LA GRANJA DE SAN ILDEFONSO (SEGOVIA). 19 DE JUNIO. COMPLETO - UDP Cuenca<\/title>\n<meta name=\"description\" content=\"Viaje 3 de Abril del 2024. 9:30h Salida Estaci\u00f3n Autobuses Cuenca 9:45h Recogida Gasolinera El \u00c1rea de Chillaron10:20h Recogida Bar El Cruce en Taranc\u00f3n\" \/>\n<meta name=\"robots\" content=\"index, follow, max-snippet:-1, max-image-preview:large, max-video-preview:-1\" \/>\n<link rel=\"canonical\" href=\"https:\/\/www.udpcuenca.com\/index.php\/producto\/la-granja-de-san-ildefonso-19-junio\/\" \/>\n<meta property=\"og:locale\" content=\"es_ES\" \/>\n<meta property=\"og:type\" content=\"article\" \/>\n<meta property=\"og:title\" content=\"LA GRANJA DE SAN ILDEFONSO (SEGOVIA). 19 DE JUNIO. COMPLETO - UDP Cuenca\" \/>\n<meta property=\"og:description\" content=\"Viaje 3 de Abril del 2024. 9:30h Salida Estaci\u00f3n Autobuses Cuenca 9:45h Recogida Gasolinera El \u00c1rea de Chillaron10:20h Recogida Bar El Cruce en Taranc\u00f3n\" \/>\n<meta property=\"og:url\" content=\"https:\/\/www.udpcuenca.com\/index.php\/producto\/la-granja-de-san-ildefonso-19-junio\/\" \/>\n<meta property=\"og:site_name\" content=\"UDP Cuenca\" \/>\n<meta property=\"article:modified_time\" content=\"2024-05-08T11:39:57+00:00\" \/>\n<meta property=\"og:image\" content=\"https:\/\/www.udpcuenca.com\/wp-content\/uploads\/2024\/04\/granja.png\" \/>\n\t<meta property=\"og:image:width\" content=\"590\" \/>\n\t<meta property=\"og:image:height\" content=\"853\" \/>\n\t<meta property=\"og:image:type\" content=\"image\/png\" \/>\n<meta name=\"twitter:card\" content=\"summary_large_image\" \/>\n<meta name=\"twitter:label1\" content=\"Tiempo de lectura\" \/>\n\t<meta name=\"twitter:data1\" content=\"1 minuto\" \/>\n<script type=\"application\/ld+json\" class=\"yoast-schema-graph\">{\"@context\":\"https:\\\/\\\/schema.org\",\"@graph\":[{\"@type\":\"WebPage\",\"@id\":\"https:\\\/\\\/www.udpcuenca.com\\\/index.php\\\/producto\\\/la-granja-de-san-ildefonso-19-junio\\\/\",\"url\":\"https:\\\/\\\/www.udpcuenca.com\\\/index.php\\\/producto\\\/la-granja-de-san-ildefonso-19-junio\\\/\",\"name\":\"LA GRANJA DE SAN ILDEFONSO (SEGOVIA). 19 DE JUNIO. COMPLETO - UDP Cuenca\",\"isPartOf\":{\"@id\":\"https:\\\/\\\/www.udpcuenca.com\\\/#website\"},\"primaryImageOfPage\":{\"@id\":\"https:\\\/\\\/www.udpcuenca.com\\\/index.php\\\/producto\\\/la-granja-de-san-ildefonso-19-junio\\\/#primaryimage\"},\"image\":{\"@id\":\"https:\\\/\\\/www.udpcuenca.com\\\/index.php\\\/producto\\\/la-granja-de-san-ildefonso-19-junio\\\/#primaryimage\"},\"thumbnailUrl\":\"https:\\\/\\\/www.udpcuenca.com\\\/wp-content\\\/uploads\\\/2024\\\/04\\\/granja.png\",\"datePublished\":\"2024-04-25T07:16:17+00:00\",\"dateModified\":\"2024-05-08T11:39:57+00:00\",\"description\":\"Viaje 3 de Abril del 2024. 9:30h Salida Estaci\u00f3n Autobuses Cuenca 9:45h Recogida Gasolinera El \u00c1rea de Chillaron10:20h Recogida Bar El Cruce en Taranc\u00f3n\",\"breadcrumb\":{\"@id\":\"https:\\\/\\\/www.udpcuenca.com\\\/index.php\\\/producto\\\/la-granja-de-san-ildefonso-19-junio\\\/#breadcrumb\"},\"inLanguage\":\"es\",\"potentialAction\":[{\"@type\":\"ReadAction\",\"target\":[\"https:\\\/\\\/www.udpcuenca.com\\\/index.php\\\/producto\\\/la-granja-de-san-ildefonso-19-junio\\\/\"]}]},{\"@type\":\"ImageObject\",\"inLanguage\":\"es\",\"@id\":\"https:\\\/\\\/www.udpcuenca.com\\\/index.php\\\/producto\\\/la-granja-de-san-ildefonso-19-junio\\\/#primaryimage\",\"url\":\"https:\\\/\\\/www.udpcuenca.com\\\/wp-content\\\/uploads\\\/2024\\\/04\\\/granja.png\",\"contentUrl\":\"https:\\\/\\\/www.udpcuenca.com\\\/wp-content\\\/uploads\\\/2024\\\/04\\\/granja.png\",\"width\":590,\"height\":853},{\"@type\":\"BreadcrumbList\",\"@id\":\"https:\\\/\\\/www.udpcuenca.com\\\/index.php\\\/producto\\\/la-granja-de-san-ildefonso-19-junio\\\/#breadcrumb\",\"itemListElement\":[{\"@type\":\"ListItem\",\"position\":1,\"name\":\"Portada\",\"item\":\"https:\\\/\\\/www.udpcuenca.com\\\/\"},{\"@type\":\"ListItem\",\"position\":2,\"name\":\"Tienda\",\"item\":\"https:\\\/\\\/www.udpcuenca.com\\\/index.php\\\/tienda\\\/\"},{\"@type\":\"ListItem\",\"position\":3,\"name\":\"LA GRANJA DE SAN ILDEFONSO (SEGOVIA). 19 DE JUNIO. COMPLETO\"}]},{\"@type\":\"WebSite\",\"@id\":\"https:\\\/\\\/www.udpcuenca.com\\\/#website\",\"url\":\"https:\\\/\\\/www.udpcuenca.com\\\/\",\"name\":\"UDP Cuenca\",\"description\":\"Asociaci\u00f3n Democr\u00e1tica de Jubilados y Pensionistas &quot;San Julian&quot; UDP Cuenca\",\"publisher\":{\"@id\":\"https:\\\/\\\/www.udpcuenca.com\\\/#organization\"},\"potentialAction\":[{\"@type\":\"SearchAction\",\"target\":{\"@type\":\"EntryPoint\",\"urlTemplate\":\"https:\\\/\\\/www.udpcuenca.com\\\/?s={search_term_string}\"},\"query-input\":{\"@type\":\"PropertyValueSpecification\",\"valueRequired\":true,\"valueName\":\"search_term_string\"}}],\"inLanguage\":\"es\"},{\"@type\":\"Organization\",\"@id\":\"https:\\\/\\\/www.udpcuenca.com\\\/#organization\",\"name\":\"UDP Cuenca\",\"url\":\"https:\\\/\\\/www.udpcuenca.com\\\/\",\"logo\":{\"@type\":\"ImageObject\",\"inLanguage\":\"es\",\"@id\":\"https:\\\/\\\/www.udpcuenca.com\\\/#\\\/schema\\\/logo\\\/image\\\/\",\"url\":\"https:\\\/\\\/www.udpcuenca.com\\\/wp-content\\\/uploads\\\/2024\\\/11\\\/cropped-Imagen781.png\",\"contentUrl\":\"https:\\\/\\\/www.udpcuenca.com\\\/wp-content\\\/uploads\\\/2024\\\/11\\\/cropped-Imagen781.png\",\"width\":583,\"height\":158,\"caption\":\"UDP Cuenca\"},\"image\":{\"@id\":\"https:\\\/\\\/www.udpcuenca.com\\\/#\\\/schema\\\/logo\\\/image\\\/\"}}]}<\/script>\n<!-- \/ Yoast SEO plugin. -->","yoast_head_json":{"title":"LA GRANJA DE SAN ILDEFONSO (SEGOVIA). 19 DE JUNIO. COMPLETO - UDP Cuenca","description":"Viaje 3 de Abril del 2024. 9:30h Salida Estaci\u00f3n Autobuses Cuenca 9:45h Recogida Gasolinera El \u00c1rea de Chillaron10:20h Recogida Bar El Cruce en Taranc\u00f3n","robots":{"index":"index","follow":"follow","max-snippet":"max-snippet:-1","max-image-preview":"max-image-preview:large","max-video-preview":"max-video-preview:-1"},"canonical":"https:\/\/www.udpcuenca.com\/index.php\/producto\/la-granja-de-san-ildefonso-19-junio\/","og_locale":"es_ES","og_type":"article","og_title":"LA GRANJA DE SAN ILDEFONSO (SEGOVIA). 19 DE JUNIO. COMPLETO - UDP Cuenca","og_description":"Viaje 3 de Abril del 2024. 9:30h Salida Estaci\u00f3n Autobuses Cuenca 9:45h Recogida Gasolinera El \u00c1rea de Chillaron10:20h Recogida Bar El Cruce en Taranc\u00f3n","og_url":"https:\/\/www.udpcuenca.com\/index.php\/producto\/la-granja-de-san-ildefonso-19-junio\/","og_site_name":"UDP Cuenca","article_modified_time":"2024-05-08T11:39:57+00:00","og_image":[{"width":590,"height":853,"url":"https:\/\/www.udpcuenca.com\/wp-content\/uploads\/2024\/04\/granja.png","type":"image\/png"}],"twitter_card":"summary_large_image","twitter_misc":{"Tiempo de lectura":"1 minuto"},"schema":{"@context":"https:\/\/schema.org","@graph":[{"@type":"WebPage","@id":"https:\/\/www.udpcuenca.com\/index.php\/producto\/la-granja-de-san-ildefonso-19-junio\/","url":"https:\/\/www.udpcuenca.com\/index.php\/producto\/la-granja-de-san-ildefonso-19-junio\/","name":"LA GRANJA DE SAN ILDEFONSO (SEGOVIA). 19 DE JUNIO. COMPLETO - UDP Cuenca","isPartOf":{"@id":"https:\/\/www.udpcuenca.com\/#website"},"primaryImageOfPage":{"@id":"https:\/\/www.udpcuenca.com\/index.php\/producto\/la-granja-de-san-ildefonso-19-junio\/#primaryimage"},"image":{"@id":"https:\/\/www.udpcuenca.com\/index.php\/producto\/la-granja-de-san-ildefonso-19-junio\/#primaryimage"},"thumbnailUrl":"https:\/\/www.udpcuenca.com\/wp-content\/uploads\/2024\/04\/granja.png","datePublished":"2024-04-25T07:16:17+00:00","dateModified":"2024-05-08T11:39:57+00:00","description":"Viaje 3 de Abril del 2024. 9:30h Salida Estaci\u00f3n Autobuses Cuenca 9:45h Recogida Gasolinera El \u00c1rea de Chillaron10:20h Recogida Bar El Cruce en Taranc\u00f3n","breadcrumb":{"@id":"https:\/\/www.udpcuenca.com\/index.php\/producto\/la-granja-de-san-ildefonso-19-junio\/#breadcrumb"},"inLanguage":"es","potentialAction":[{"@type":"ReadAction","target":["https:\/\/www.udpcuenca.com\/index.php\/producto\/la-granja-de-san-ildefonso-19-junio\/"]}]},{"@type":"ImageObject","inLanguage":"es","@id":"https:\/\/www.udpcuenca.com\/index.php\/producto\/la-granja-de-san-ildefonso-19-junio\/#primaryimage","url":"https:\/\/www.udpcuenca.com\/wp-content\/uploads\/2024\/04\/granja.png","contentUrl":"https:\/\/www.udpcuenca.com\/wp-content\/uploads\/2024\/04\/granja.png","width":590,"height":853},{"@type":"BreadcrumbList","@id":"https:\/\/www.udpcuenca.com\/index.php\/producto\/la-granja-de-san-ildefonso-19-junio\/#breadcrumb","itemListElement":[{"@type":"ListItem","position":1,"name":"Portada","item":"https:\/\/www.udpcuenca.com\/"},{"@type":"ListItem","position":2,"name":"Tienda","item":"https:\/\/www.udpcuenca.com\/index.php\/tienda\/"},{"@type":"ListItem","position":3,"name":"LA GRANJA DE SAN ILDEFONSO (SEGOVIA). 19 DE JUNIO. COMPLETO"}]},{"@type":"WebSite","@id":"https:\/\/www.udpcuenca.com\/#website","url":"https:\/\/www.udpcuenca.com\/","name":"UDP Cuenca","description":"Asociaci\u00f3n Democr\u00e1tica de Jubilados y Pensionistas &quot;San Julian&quot; UDP Cuenca","publisher":{"@id":"https:\/\/www.udpcuenca.com\/#organization"},"potentialAction":[{"@type":"SearchAction","target":{"@type":"EntryPoint","urlTemplate":"https:\/\/www.udpcuenca.com\/?s={search_term_string}"},"query-input":{"@type":"PropertyValueSpecification","valueRequired":true,"valueName":"search_term_string"}}],"inLanguage":"es"},{"@type":"Organization","@id":"https:\/\/www.udpcuenca.com\/#organization","name":"UDP Cuenca","url":"https:\/\/www.udpcuenca.com\/","logo":{"@type":"ImageObject","inLanguage":"es","@id":"https:\/\/www.udpcuenca.com\/#\/schema\/logo\/image\/","url":"https:\/\/www.udpcuenca.com\/wp-content\/uploads\/2024\/11\/cropped-Imagen781.png","contentUrl":"https:\/\/www.udpcuenca.com\/wp-content\/uploads\/2024\/11\/cropped-Imagen781.png","width":583,"height":158,"caption":"UDP Cuenca"},"image":{"@id":"https:\/\/www.udpcuenca.com\/#\/schema\/logo\/image\/"}}]}},"_links":{"self":[{"href":"https:\/\/www.udpcuenca.com\/index.php\/wp-json\/wp\/v2\/product\/2417","targetHints":{"allow":["GET"]}}],"collection":[{"href":"https:\/\/www.udpcuenca.com\/index.php\/wp-json\/wp\/v2\/product"}],"about":[{"href":"https:\/\/www.udpcuenca.com\/index.php\/wp-json\/wp\/v2\/types\/product"}],"replies":[{"embeddable":true,"href":"https:\/\/www.udpcuenca.com\/index.php\/wp-json\/wp\/v2\/comments?post=2417"}],"wp:featuredmedia":[{"embeddable":true,"href":"https:\/\/www.udpcuenca.com\/index.php\/wp-json\/wp\/v2\/media\/2414"}],"wp:attachment":[{"href":"https:\/\/www.udpcuenca.com\/index.php\/wp-json\/wp\/v2\/media?parent=2417"}],"wp:term":[{"taxonomy":"product_brand","embeddable":true,"href":"https:\/\/www.udpcuenca.com\/index.php\/wp-json\/wp\/v2\/product_brand?post=2417"},{"taxonomy":"product_cat","embeddable":true,"href":"https:\/\/www.udpcuenca.com\/index.php\/wp-json\/wp\/v2\/product_cat?post=2417"},{"taxonomy":"product_tag","embeddable":true,"href":"https:\/\/www.udpcuenca.com\/index.php\/wp-json\/wp\/v2\/product_tag?post=2417"}],"curies":[{"name":"wp","href":"https:\/\/api.w.org\/{rel}","templated":true}]}}